{"id":8,"date":"2008-05-13T16:35:29","date_gmt":"2008-05-13T13:35:29","guid":{"rendered":"http:\/\/www.askolankokoomus.fi\/?page_id=8"},"modified":"2024-12-31T12:31:08","modified_gmt":"2024-12-31T09:31:08","slug":"tule-mukaan-ehdokkaaksi","status":"publish","type":"page","link":"https:\/\/www.askolankokoomus.fi\/?page_id=8","title":{"rendered":"J\u00c4SENEKSI?"},"content":{"rendered":"<p><a href=\"http:\/\/www.askolankokoomus.fi\/?attachment_id=801\" rel=\"attachment wp-att-801\"><img loading=\"lazy\" decoding=\"async\" class=\"alignleft size-thumbnail wp-image-801\" src=\"https:\/\/www.askolankokoomus.fi\/wp-content\/uploads\/2015\/03\/monninkylassa-150x150.jpg\" alt=\"monninkylassa\" width=\"150\" height=\"150\" \/><\/a>Askolan Kokoomus ottaa j\u00e4senikseen kaikenik\u00e4isi\u00e4 askolalaisia, ik\u00e4ns\u00e4 t\u00e4\u00e4ll\u00e4 asuneita tai vasta muuttaneita. Edellyt\u00e4mme j\u00e4senilt\u00e4mme vain\u00a0keskustaoikeistolaista maailmankatsomusta ja halua vaikuttaa yhteisen kotikuntamme parhaaksi.<\/p>\n<p>Kun olette kiinnostuneita liittym\u00e4\u00e4n joukkoomme, ottakaa yhteytt\u00e4 esim. puheenjohtajaamme Mikko Maukoseen tai johonkin muuhun hallituksemme j\u00e4seneen (kts. kohta &#8221;<a href=\"http:\/\/www.askolankokoomus.fi\/?page_id=6\">Hallitus<\/a>&#8221;).<\/p>\n<p>Keskustaoikeistolaisesti ajattelevalle ja eteenp\u00e4in suuntautuneelle askolalaiselle Kokoomus tarjoaa parhaan mahdollisuuden laittaa osaamistaan peliin.<\/p>\n<p>Askolan Kokoomus on luonnollisesti <a href=\"http:\/\/www.kokoomus.fi\/\">Kansallinen Kokoomus ry:n<\/a> sek\u00e4 <a href=\"http:\/\/www.kokoomus.fi\/uusimaa\">Uudenmaan Kokoomus ry:n<\/a> j\u00e4senyhdistys, ja tarjoaa n\u00e4k\u00f6ala- ja vaikuttamiskanavan my\u00f6s alueelliseen, maakunnalliseen sek\u00e4 valtakunnalliseen politiikkaan.<\/p>\n","protected":false},"excerpt":{"rendered":"<p>Askolan Kokoomus ottaa j\u00e4senikseen kaikenik\u00e4isi\u00e4 askolalaisia, ik\u00e4ns\u00e4 t\u00e4\u00e4ll\u00e4 asuneita tai vasta muuttaneita. Edellyt\u00e4mme j\u00e4senilt\u00e4mme vain\u00a0keskustaoikeistolaista maailmankatsomusta ja halua vaikuttaa yhteisen kotikuntamme parhaaksi. Kun olette kiinnostuneita liittym\u00e4\u00e4n joukkoomme, ottakaa yhteytt\u00e4 esim. puheenjohtajaamme Mikko Maukoseen tai johonkin muuhun hallituksemme j\u00e4seneen (kts. kohta &hellip; <a href=\"https:\/\/www.askolankokoomus.fi\/?page_id=8\">Lue loppuun <span class=\"meta-nav\">&rarr;<\/span><\/a><\/p>\n","protected":false},"author":1,"featured_media":0,"parent":0,"menu_order":4,"comment_status":"open","ping_status":"closed","template":"","meta":{"footnotes":""},"class_list":["post-8","page","type-page","status-publish","hentry"],"_links":{"self":[{"href":"https:\/\/www.askolankokoomus.fi\/index.php?rest_route=\/wp\/v2\/pages\/8","targetHints":{"allow":["GET"]}}],"collection":[{"href":"https:\/\/www.askolankokoomus.fi\/index.php?rest_route=\/wp\/v2\/pages"}],"about":[{"href":"https:\/\/www.askolankokoomus.fi\/index.php?rest_route=\/wp\/v2\/types\/page"}],"author":[{"embeddable":true,"href":"https:\/\/www.askolankokoomus.fi\/index.php?rest_route=\/wp\/v2\/users\/1"}],"replies":[{"embeddable":true,"href":"https:\/\/www.askolankokoomus.fi\/index.php?rest_route=%2Fwp%2Fv2%2Fcomments&post=8"}],"version-history":[{"count":18,"href":"https:\/\/www.askolankokoomus.fi\/index.php?rest_route=\/wp\/v2\/pages\/8\/revisions"}],"predecessor-version":[{"id":2601,"href":"https:\/\/www.askolankokoomus.fi\/index.php?rest_route=\/wp\/v2\/pages\/8\/revisions\/2601"}],"wp:attachment":[{"href":"https:\/\/www.askolankokoomus.fi\/index.php?rest_route=%2Fwp%2Fv2%2Fmedia&parent=8"}],"curies":[{"name":"wp","href":"https:\/\/api.w.org\/{rel}","templated":true}]}}