{"id":2920,"date":"2025-03-12T23:15:12","date_gmt":"2025-03-12T21:15:12","guid":{"rendered":"https:\/\/www.askolankokoomus.fi\/?page_id=2920"},"modified":"2025-03-20T00:31:43","modified_gmt":"2025-03-19T22:31:43","slug":"tavoiteohjelma-2025-29","status":"publish","type":"page","link":"https:\/\/www.askolankokoomus.fi\/?page_id=2920","title":{"rendered":"TAVOITEOHJELMA 2025-29"},"content":{"rendered":"<p class=\"western\" align=\"left\"><strong><span style=\"font-family: Arial, serif;\"><span style=\"font-size: medium;\">ASKOLAN KOKOOMUKSEN KUNTAVAALITAVOITTEET 2025-29<\/span><\/span><\/strong><\/p>\n<p align=\"left\"><a href=\"https:\/\/www.askolankokoomus.fi\/wp-content\/uploads\/2025\/03\/WEB_ASKO_sanomat_A4_4s.pdf\">Vaaliesitteemme PDF-muodossa (Askolan Sanomat)<\/a><\/p>\n<p class=\"western\" align=\"left\"><span style=\"font-family: Arial, serif;\"><span style=\"font-size: medium;\"><b><a href=\"https:\/\/www.askolankokoomus.fi\/?attachment_id=2641\" rel=\"attachment wp-att-2641\"><img loading=\"lazy\" decoding=\"async\" class=\"alignleft size-thumbnail wp-image-2641\" src=\"https:\/\/www.askolankokoomus.fi\/wp-content\/uploads\/2025\/02\/Sieppaa3-150x150.jpg\" alt=\"\" width=\"150\" height=\"150\" \/><\/a>Talous kasvu-uralle<br \/>\n<\/b><\/span><\/span><span style=\"font-family: Arial, serif;\"><span style=\"font-size: medium;\"><br \/>\nAskolan kunnan talous pidet\u00e4\u00e4n kest\u00e4v\u00e4n\u00e4. Tulevaisuusohjelmasta p\u00e4\u00e4tet\u00e4\u00e4n vaalikauden alussa. Talous k\u00e4\u00e4nnet\u00e4\u00e4n takaisin tasapainoon vaarantamatta palveluita tai kirist\u00e4m\u00e4tt\u00e4 verotusta. Palataan maltillisten investointien aikaan, <\/span><\/span><span style=\"font-family: Arial, serif;\"><span style=\"font-size: medium;\">ja k<\/span><\/span><span style=\"font-family: Arial, serif;\"><span style=\"font-size: medium;\">unnan lainoja <\/span><\/span><span style=\"font-family: Arial, serif;\"><span style=\"font-size: medium;\">my\u00f6s <\/span><\/span><span style=\"font-family: Arial, serif;\"><span style=\"font-size: medium;\">lyhennet\u00e4\u00e4n. Kunta <\/span><\/span><span style=\"font-family: Arial, serif;\"><span style=\"font-size: medium;\">omistaa ja<\/span><\/span><span style=\"font-family: Arial, serif;\"><span style=\"font-size: medium;\"> sijoittaa vastuullisesti sek\u00e4 tuottavasti. Huolehditaan Askolan julkikuvasta potentiaalisten uusien asukkaiden <\/span><\/span><span style=\"font-family: Arial, serif;\"><span style=\"font-size: medium;\">ja<\/span><\/span><span style=\"font-family: Arial, serif;\"><span style=\"font-size: medium;\"> yritysten suuntaan.<\/span><\/span><\/p>\n<p class=\"western\" align=\"left\"><span style=\"font-family: Arial, serif;\"><span style=\"font-size: medium;\"><b><a href=\"https:\/\/www.askolankokoomus.fi\/?attachment_id=1034\" rel=\"attachment wp-att-1034\"><img loading=\"lazy\" decoding=\"async\" class=\"alignleft size-thumbnail wp-image-1034\" src=\"https:\/\/www.askolankokoomus.fi\/wp-content\/uploads\/2017\/03\/maisema-150x150.jpg\" alt=\"\" width=\"150\" height=\"150\" \/><\/a>Uutta elinvoimaa<\/b><\/span><\/span><\/p>\n<p><span style=\"font-family: Arial, serif;\"><span style=\"font-size: medium;\">Tuleva kuntastrategia on yritysmy\u00f6nteinen. Elinkeinotoiminnan kehitt\u00e4misohjelma p\u00e4ivitet\u00e4\u00e4n. Kunta tekee palvelulupauksen yrityksien ja yritt\u00e4jien tarpeiden kuulemiseks<\/span><\/span><span style=\"font-family: Arial, serif;\"><span style=\"font-size: medium;\">i<\/span><\/span><span style=\"font-family: Arial, serif;\"><span style=\"font-size: medium;\">, ja tukee yritt\u00e4jien keskin\u00e4ist\u00e4 verkostoitumista sek\u00e4 yhteisty\u00f6t\u00e4. Kunnan pitovoima on s\u00e4ilytett\u00e4v\u00e4 ja vetovoimaa kehitett\u00e4v\u00e4. Asukasm\u00e4\u00e4r\u00e4 <\/span><\/span><span style=\"font-family: Arial, serif;\"><span style=\"font-size: medium;\">ja <\/span><\/span><span style=\"font-family: Arial, serif;\"><span style=\"font-size: medium;\">yrityksien <\/span><\/span><span style=\"font-family: Arial, serif;\"><span style=\"font-size: medium;\">kokonais<\/span><\/span><span style=\"font-family: Arial, serif;\"><span style=\"font-size: medium;\">m\u00e4\u00e4r\u00e4 <\/span><\/span><span style=\"font-family: Arial, serif;\"><span style=\"font-size: medium;\">nousevat<\/span><\/span><span style=\"font-family: Arial, serif;\"><span style=\"font-size: medium;\">. Elinkeinotoimikunnan muuttamista elinvoimatoimikunnaksi tarkastellaan. Kunnan tonttivaranto on riitt\u00e4v\u00e4 ja monipuolinen. Kuntaa markkinoidaan aktiivisesti sen tunnettuuden lis\u00e4\u00e4miseksi ja tonttikaupan virkist\u00e4miseksi. Uudistuva Askolan lukio on kunnan merkitt\u00e4v\u00e4 elinvoimatekij\u00e4.<\/span><\/span><\/p>\n<p class=\"western\" align=\"left\"><span style=\"font-family: Arial, serif;\"><span style=\"font-size: medium;\"><b><a href=\"https:\/\/www.askolankokoomus.fi\/?attachment_id=1025\" rel=\"attachment wp-att-1025\"><img loading=\"lazy\" decoding=\"async\" class=\"alignleft size-thumbnail wp-image-1025\" src=\"https:\/\/www.askolankokoomus.fi\/wp-content\/uploads\/2017\/03\/terkkula-150x150.jpg\" alt=\"\" width=\"150\" height=\"150\" \/><\/a>Aitoa hyvinvointia<\/b><\/span><\/span><\/p>\n<p class=\"western\" align=\"left\"><span style=\"font-family: Arial, serif;\"><span style=\"font-size: medium;\">Hyvinvoinnin ja terveyden edist\u00e4mist\u00e4 korostetaan kunnan kaikissa toimissa. Kunta vaikuttaa aktiivisesti SOTE-palveluiden s\u00e4ilymiseen alueellaan. Panostetaan lasten ja nuorten sek\u00e4 lapsiperheiden hyvinvointiin, muita ik\u00e4ryhmi\u00e4 unohtamatta. Liikuntapaikoista pidet\u00e4\u00e4n parempaa huolta. Monninkyl\u00e4n maauimalan toimintaa jatketaan ja kehitet\u00e4\u00e4n (wc-tilat ja lokerikot). Kirkonkyl\u00e4n urheilukent\u00e4n siirtoa selvitet\u00e4\u00e4n. Kuntalaisp\u00e4iv\u00e4st\u00e4 tehd\u00e4\u00e4n pysyv\u00e4 perinne. Kuntaan toteutetaan tulistelupaikalla varustettu luontopolku tai k\u00e4velyreitti, joka l\u00f6ytyy my\u00f6s Retkipaikasta tai Luontoon.fi -palvelusta.<\/span><\/span><\/p>\n<p class=\"western\" align=\"left\"><span style=\"font-family: Arial, serif;\"><span style=\"font-size: medium;\"><b><a href=\"https:\/\/www.askolankokoomus.fi\/?attachment_id=1970\" rel=\"attachment wp-att-1970\"><img loading=\"lazy\" decoding=\"async\" class=\"alignleft size-thumbnail wp-image-1970\" src=\"https:\/\/www.askolankokoomus.fi\/wp-content\/uploads\/2021\/04\/koulu-150x150.jpg\" alt=\"\" width=\"150\" height=\"150\" \/><\/a>Viihtyis\u00e4t koulut, uusi lukio ja harrastukset<\/b><\/span><\/span><\/p>\n<p class=\"western\" align=\"left\"><span style=\"font-family: Arial, serif;\"><span style=\"font-size: medium;\">Kokoomuksen johdolla Askolassa on toteutettu uusi lukio, uudet alakoulut p\u00e4\u00e4taajamiin, Monninkyl\u00e4n koulun liikuntasali (tulossa) ja yl\u00e4koulun remontit. My\u00f6s varhaiskasvatuksen tiloja on uusittu. Lupaamme huolehtia n\u00e4iden ja muidenkin kunnan <\/span><\/span><span style=\"font-family: Arial, serif;\"><span style=\"font-size: medium;\">sis\u00e4- ja ulko<\/span><\/span><span style=\"font-family: Arial, serif;\"><span style=\"font-size: medium;\">tilojen asianmukais<\/span><\/span><span style=\"font-family: Arial, serif;\"><span style=\"font-size: medium;\">uudesta<\/span><\/span><span style=\"font-family: Arial, serif;\"><span style=\"font-size: medium;\">. <\/span><\/span><span style=\"font-family: Arial, serif;\"><span style=\"font-size: medium;\">Meille on t\u00e4rke\u00e4\u00e4 huolehtia<\/span><\/span><span style=\"font-family: Arial, serif;\"><span style=\"font-size: medium;\"> kunnan it\u00e4puolen <\/span><\/span><span style=\"font-family: Arial, serif;\"><span style=\"font-size: medium;\">palveluista (S\u00e4rkij\u00e4rven koulun ikkunaremontti tulossa) ja huomioida my\u00f6s kunnan muiden kylien tarpeita<\/span><\/span><span style=\"font-family: Arial, serif;\"><span style=\"font-size: medium;\">. Koulujen ryhm\u00e4koot pidet<\/span><\/span><span style=\"font-family: Arial, serif;\"><span style=\"font-size: medium;\">\u00e4\u00e4n<\/span><\/span><span style=\"font-family: Arial, serif;\"><span style=\"font-size: medium;\"> maltillisina, eik\u00e4 kouluverkko<\/span><\/span><span style=\"font-family: Arial, serif;\"><span style=\"font-size: medium;\">a muuteta<\/span><\/span><span style=\"font-family: Arial, serif;\"><span style=\"font-size: medium;\">. Kuntalisien korotusta <\/span><\/span><span style=\"font-family: Arial, serif;\"><span style=\"font-size: medium;\">ja<\/span><\/span><span style=\"font-family: Arial, serif;\"><span style=\"font-size: medium;\"> yhten\u00e4ist\u00e4mist\u00e4 selvitet\u00e4\u00e4n. Nuorison hyvinvoinnista, harrastuksista ja kes\u00e4ty\u00f6mahdollisuuksista huolehdit<\/span><\/span><span style=\"font-family: Arial, serif;\"><span style=\"font-size: medium;\">aan<\/span><\/span><span style=\"font-family: Arial, serif;\"><span style=\"font-size: medium;\"> paremmin. Kunta tukee kuvataiteen <\/span><\/span><span style=\"font-family: Arial, serif;\"><span style=\"font-size: medium;\">ja<\/span><\/span><span style=\"font-family: Arial, serif;\"><span style=\"font-size: medium;\"> musiikin opiskelua. <\/span><\/span><\/p>\n<p class=\"western\" align=\"left\"><span style=\"font-family: Arial, serif;\"><span style=\"font-size: medium;\"><b><a href=\"https:\/\/www.askolankokoomus.fi\/?attachment_id=1098\" rel=\"attachment wp-att-1098\"><img loading=\"lazy\" decoding=\"async\" class=\"alignleft size-thumbnail wp-image-1098\" src=\"https:\/\/www.askolankokoomus.fi\/wp-content\/uploads\/2017\/03\/ARTO_2935-150x150.jpg\" alt=\"\" width=\"150\" height=\"150\" \/><\/a>Miellytt\u00e4v\u00e4mpi l\u00e4hiymp\u00e4rist\u00f6 ja hoidetut v\u00e4yl\u00e4t<\/b><\/span><\/span><\/p>\n<p class=\"western\" align=\"left\"><span style=\"font-family: Arial, serif;\"><span style=\"font-size: medium;\">Kunnan tiealueille tehd\u00e4\u00e4n uusi kunnostus- ja yll\u00e4pitosuunnitelma. Askolantien ajorataa korjataan ja kevyen liikenteen v\u00e4ylien merkitsemisi\u00e4 parannetaan. Ylinopeudet h\u00e4iritsev\u00e4t monia, <\/span><\/span><span style=\"font-family: Arial, serif;\"><span style=\"font-size: medium;\">joten h<\/span><\/span><span style=\"font-family: Arial, serif;\"><span style=\"font-size: medium;\">idastet\u00f6yssyj\u00e4 suunnitellaan kauppojen l\u00e4hettyville sek\u00e4 Nalkkilantien ja Riihipellontien v\u00e4lille. Kevyen liikenteen v\u00e4yl\u00e4 Metsontien ja hautausmaan v\u00e4lille (osa ELY:n tiet\u00e4) otetaan suunnitelmiin. Monninkyl\u00e4n keskustaan ja muuallekin kuntaan perustetaan hoidettavia ro<\/span><\/span><span style=\"font-family: Arial, serif;\"><span style=\"font-size: medium;\">ska-astioita<\/span><\/span><span style=\"font-family: Arial, serif;\"><span style=\"font-size: medium;\">. Monninkyl\u00e4n l\u00e4pi virtaavan puron ymp\u00e4rist\u00f6\u00e4 kohennetaan puistoksi. Leikkipuistojen ja koirapuistojen kunnossapito sek\u00e4 kehitt\u00e4minen huomioidaan. Monninkyl\u00e4n risteys tulee toteuttaa kiertoliittym\u00e4n\u00e4. Kunnan ei pid\u00e4 taipua ohiajajien intresseihin, jotka haittaavat alueen asukkaita.<\/span><\/span><\/p>\n<p class=\"western\" align=\"left\"><span style=\"color: #000000;\"><span style=\"font-family: Arial, serif;\"><span style=\"font-size: medium;\"><span lang=\"fi-FI\"><b><a href=\"https:\/\/www.askolankokoomus.fi\/?attachment_id=2912\" rel=\"attachment wp-att-2912\"><img loading=\"lazy\" decoding=\"async\" class=\"alignleft size-thumbnail wp-image-2912\" src=\"https:\/\/www.askolankokoomus.fi\/wp-content\/uploads\/2025\/03\/av-aloite-110325-150x150.jpg\" alt=\"\" width=\"150\" height=\"150\" \/><\/a>Paremminvoiva hyvinvointialue<\/b><\/span><\/span><\/span><\/span><\/p>\n<p class=\"western\" align=\"left\"><span style=\"font-family: Arial, serif;\"><span style=\"font-size: medium;\">M\u00e4ntyrinne pelastettiin j<\/span><\/span><span style=\"font-family: Arial, serif;\"><span style=\"font-size: medium;\">uuri<\/span><\/span><span style=\"font-family: Arial, serif;\"><span style=\"font-size: medium;\">. <\/span><\/span><span style=\"font-family: Arial, serif;\"><span style=\"font-size: medium;\">Nyt h<\/span><\/span><span style=\"font-family: Arial, serif;\"><span style=\"font-size: medium;\">yvinvointialueen ja Askolan kunnan tulee p\u00e4\u00e4st\u00e4 pitk\u00e4j\u00e4nteiseen sopimukseen palvelukeskuksen tulevaisuudesta sek\u00e4 my\u00f6s yhteis\u00f6llisen palveluasumisen toteutumisesta Askolassa. Askolan terveyskeskukseen ei tule kohdistaa uusia leikkauksia. Hyvinvointialueen taloutta on tervehdytett\u00e4v\u00e4, mutta ei etsim\u00e4ll\u00e4 s\u00e4\u00e4st\u00f6j\u00e4 vain alueen pienemmist\u00e4 kunnista. <\/span><\/span><span style=\"font-family: Arial, serif;\">Suosikaa siis paikallisia ehdokkaita, jotka tuntevat palvelu<\/span><span style=\"font-family: Arial, serif;\">mme<\/span><span style=\"font-family: Arial, serif;\"> ja ovat niit\u00e4 parhaita puolustamaan! <\/span><\/p>\n<p class=\"western\" align=\"left\"><span style=\"font-family: Arial, serif;\">E<\/span><span style=\"font-family: Arial, serif;\">I lis\u00e4hallinnolle tai<\/span><span style=\"font-family: Arial, serif;\"> maakuntavero<\/span><span style=\"font-family: Arial, serif;\">lle<\/span><span style=\"font-family: Arial, serif;\">. <\/span><span style=\"color: #000000;\"><span style=\"font-family: Arial, serif;\"><span style=\"font-size: medium;\"><span lang=\"fi-FI\">Ik\u00e4ihmisten kotona asumista on tuettava heid\u00e4n niin halutessaan. Laitospaikka on tarjottava l\u00e4hipalveluna sit\u00e4 tarvitseville. Askolan paloaseman on jatkettava nykyisell\u00e4 palvelutasollaan. Pelkill\u00e4 et\u00e4palveluilla ei voida korvata v\u00e4ltt\u00e4m\u00e4tt\u00f6mi\u00e4 l\u00e4hipalveluita. Tuemme palvelusetelien hy\u00f6dynt\u00e4mist\u00e4 ja <\/span><\/span><\/span><\/span><span style=\"color: #000000;\"><span style=\"font-family: Arial, serif;\"><span style=\"font-size: medium;\"><span lang=\"fi-FI\">n\u00e4emme<\/span><\/span><\/span><\/span><span style=\"color: #000000;\"><span style=\"font-family: Arial, serif;\"><span style=\"font-size: medium;\"><span lang=\"fi-FI\"> yksityis<\/span><\/span><\/span><\/span><span style=\"color: #000000;\"><span style=\"font-family: Arial, serif;\"><span style=\"font-size: medium;\"><span lang=\"fi-FI\">et tuottajat t\u00e4rke\u00e4n\u00e4 osana SOTE-kokonaisuutta<\/span><\/span><\/span><\/span><span style=\"color: #000000;\"><span style=\"font-family: Arial, serif;\"><span style=\"font-size: medium;\"><span lang=\"fi-FI\">. <\/span><\/span><\/span><\/span><\/p>\n","protected":false},"excerpt":{"rendered":"<p>ASKOLAN KOKOOMUKSEN KUNTAVAALITAVOITTEET 2025-29 Vaaliesitteemme PDF-muodossa (Askolan Sanomat) Talous kasvu-uralle Askolan kunnan talous pidet\u00e4\u00e4n kest\u00e4v\u00e4n\u00e4. Tulevaisuusohjelmasta p\u00e4\u00e4tet\u00e4\u00e4n vaalikauden alussa. Talous k\u00e4\u00e4nnet\u00e4\u00e4n takaisin tasapainoon vaarantamatta palveluita tai kirist\u00e4m\u00e4tt\u00e4 verotusta. Palataan maltillisten investointien aikaan, ja kunnan lainoja my\u00f6s lyhennet\u00e4\u00e4n. Kunta omistaa ja &hellip; <a href=\"https:\/\/www.askolankokoomus.fi\/?page_id=2920\">Lue loppuun <span class=\"meta-nav\">&rarr;<\/span><\/a><\/p>\n","protected":false},"author":1,"featured_media":0,"parent":0,"menu_order":0,"comment_status":"closed","ping_status":"closed","template":"","meta":{"footnotes":""},"class_list":["post-2920","page","type-page","status-publish","hentry"],"_links":{"self":[{"href":"https:\/\/www.askolankokoomus.fi\/index.php?rest_route=\/wp\/v2\/pages\/2920","targetHints":{"allow":["GET"]}}],"collection":[{"href":"https:\/\/www.askolankokoomus.fi\/index.php?rest_route=\/wp\/v2\/pages"}],"about":[{"href":"https:\/\/www.askolankokoomus.fi\/index.php?rest_route=\/wp\/v2\/types\/page"}],"author":[{"embeddable":true,"href":"https:\/\/www.askolankokoomus.fi\/index.php?rest_route=\/wp\/v2\/users\/1"}],"replies":[{"embeddable":true,"href":"https:\/\/www.askolankokoomus.fi\/index.php?rest_route=%2Fwp%2Fv2%2Fcomments&post=2920"}],"version-history":[{"count":5,"href":"https:\/\/www.askolankokoomus.fi\/index.php?rest_route=\/wp\/v2\/pages\/2920\/revisions"}],"predecessor-version":[{"id":3072,"href":"https:\/\/www.askolankokoomus.fi\/index.php?rest_route=\/wp\/v2\/pages\/2920\/revisions\/3072"}],"wp:attachment":[{"href":"https:\/\/www.askolankokoomus.fi\/index.php?rest_route=%2Fwp%2Fv2%2Fmedia&parent=2920"}],"curies":[{"name":"wp","href":"https:\/\/api.w.org\/{rel}","templated":true}]}}