{"id":2859,"date":"2025-03-05T22:47:51","date_gmt":"2025-03-05T20:47:51","guid":{"rendered":"https:\/\/www.askolankokoomus.fi\/?page_id=2859"},"modified":"2025-03-13T18:21:43","modified_gmt":"2025-03-13T16:21:43","slug":"nro-xx-jouko-pihlaja","status":"publish","type":"page","link":"https:\/\/www.askolankokoomus.fi\/?page_id=2859","title":{"rendered":"Nro 48 &#8211; Jouko Pihlaja"},"content":{"rendered":"<p><strong><a href=\"https:\/\/www.askolankokoomus.fi\/?attachment_id=2781\" rel=\"attachment wp-att-2781\"><img loading=\"lazy\" decoding=\"async\" class=\"alignleft size-medium wp-image-2781\" src=\"https:\/\/www.askolankokoomus.fi\/wp-content\/uploads\/2025\/03\/IMG-20250305-WA0026-300x288.jpg\" alt=\"\" width=\"300\" height=\"288\" srcset=\"https:\/\/www.askolankokoomus.fi\/wp-content\/uploads\/2025\/03\/IMG-20250305-WA0026-300x288.jpg 300w, https:\/\/www.askolankokoomus.fi\/wp-content\/uploads\/2025\/03\/IMG-20250305-WA0026-1024x984.jpg 1024w, https:\/\/www.askolankokoomus.fi\/wp-content\/uploads\/2025\/03\/IMG-20250305-WA0026-768x738.jpg 768w, https:\/\/www.askolankokoomus.fi\/wp-content\/uploads\/2025\/03\/IMG-20250305-WA0026-1536x1475.jpg 1536w, https:\/\/www.askolankokoomus.fi\/wp-content\/uploads\/2025\/03\/IMG-20250305-WA0026.jpg 1599w\" sizes=\"auto, (max-width: 300px) 100vw, 300px\" \/><\/a><\/strong><\/p>\n<p>Jospa viel\u00e4 kerran!<br \/>\nOlen <strong>Jouko Pihlaja<\/strong>, 69-vuotias yritt\u00e4j\u00e4\/el\u00e4kel\u00e4inen Korttialta, jossa olen asunnut vuodesta 2000 l\u00e4htien. Toista kautta kunnanvaltuutettuna ja olen my\u00f6s elinymp\u00e4rist\u00f6lautakunnan varapuheenjohtaja. Yritt\u00e4j\u00e4n\u00e4 myyn maanrakennuskoneita kuten esimerkiksi kaivinkoneita.<br \/>\nKylien asiat ovat syd\u00e4nt\u00e4ni l\u00e4hell\u00e4, varsinkin kun asumme syrj\u00e4kyl\u00e4ll\u00e4 vaimoni kanssa.<br \/>\nToimin aktiivisesti kehitt\u00e4misyhdistys leader Silmussa, joka toimii maaseudun kehitt\u00e4miseksi rahoittamalla erilaisia hankkeita. Olen my\u00f6s Silmun hallituksen j\u00e4sen.<br \/>\nOlen Korttian kyl\u00e4yhdistyksen pitk\u00e4aikainen puheenjohtaja ja yhdistyksen perustajaj\u00e4sen.<br \/>\nKyl\u00e4toiminnassa mukana olevana aktiivisena toimijana olen huolestunut ja huolissani kunnan moninaisten kylien peruspalvelujen saatavuudesta. Vanhukset ja lapsiperheet on erityisesti huomoitava.<br \/>\nAskolan kunnan talouden tasapainoitus tulee olemaan uuden valtuuston t\u00e4rkein teht\u00e4v\u00e4.<\/p>\n<p><a href=\"https:\/\/www.facebook.com\/joukopihlajakylaaktiivi\/\">https:\/\/www.facebook.com\/joukopihlajakylaaktiivi\/<\/a><\/p>\n<p>Askola, Korttia<br \/>\njouko.pihlaja@lumikello.fi<\/p>\n","protected":false},"excerpt":{"rendered":"<p>Jospa viel\u00e4 kerran! Olen Jouko Pihlaja, 69-vuotias yritt\u00e4j\u00e4\/el\u00e4kel\u00e4inen Korttialta, jossa olen asunnut vuodesta 2000 l\u00e4htien. Toista kautta kunnanvaltuutettuna ja olen my\u00f6s elinymp\u00e4rist\u00f6lautakunnan varapuheenjohtaja. Yritt\u00e4j\u00e4n\u00e4 myyn maanrakennuskoneita kuten esimerkiksi kaivinkoneita. Kylien asiat ovat syd\u00e4nt\u00e4ni l\u00e4hell\u00e4, varsinkin kun asumme syrj\u00e4kyl\u00e4ll\u00e4 vaimoni kanssa. &hellip; <a href=\"https:\/\/www.askolankokoomus.fi\/?page_id=2859\">Lue loppuun <span class=\"meta-nav\">&rarr;<\/span><\/a><\/p>\n","protected":false},"author":1,"featured_media":0,"parent":2640,"menu_order":0,"comment_status":"closed","ping_status":"closed","template":"","meta":{"footnotes":""},"class_list":["post-2859","page","type-page","status-publish","hentry"],"_links":{"self":[{"href":"https:\/\/www.askolankokoomus.fi\/index.php?rest_route=\/wp\/v2\/pages\/2859","targetHints":{"allow":["GET"]}}],"collection":[{"href":"https:\/\/www.askolankokoomus.fi\/index.php?rest_route=\/wp\/v2\/pages"}],"about":[{"href":"https:\/\/www.askolankokoomus.fi\/index.php?rest_route=\/wp\/v2\/types\/page"}],"author":[{"embeddable":true,"href":"https:\/\/www.askolankokoomus.fi\/index.php?rest_route=\/wp\/v2\/users\/1"}],"replies":[{"embeddable":true,"href":"https:\/\/www.askolankokoomus.fi\/index.php?rest_route=%2Fwp%2Fv2%2Fcomments&post=2859"}],"version-history":[{"count":4,"href":"https:\/\/www.askolankokoomus.fi\/index.php?rest_route=\/wp\/v2\/pages\/2859\/revisions"}],"predecessor-version":[{"id":2970,"href":"https:\/\/www.askolankokoomus.fi\/index.php?rest_route=\/wp\/v2\/pages\/2859\/revisions\/2970"}],"up":[{"embeddable":true,"href":"https:\/\/www.askolankokoomus.fi\/index.php?rest_route=\/wp\/v2\/pages\/2640"}],"wp:attachment":[{"href":"https:\/\/www.askolankokoomus.fi\/index.php?rest_route=%2Fwp%2Fv2%2Fmedia&parent=2859"}],"curies":[{"name":"wp","href":"https:\/\/api.w.org\/{rel}","templated":true}]}}