{"id":2851,"date":"2025-03-05T22:34:55","date_gmt":"2025-03-05T20:34:55","guid":{"rendered":"https:\/\/www.askolankokoomus.fi\/?page_id=2851"},"modified":"2025-04-03T17:17:24","modified_gmt":"2025-04-03T15:17:24","slug":"nro-xx-tiitus-maukonen","status":"publish","type":"page","link":"https:\/\/www.askolankokoomus.fi\/?page_id=2851","title":{"rendered":"Nro 43 &#8211; Tiitus Maukonen"},"content":{"rendered":"<p><strong><a href=\"https:\/\/www.askolankokoomus.fi\/?attachment_id=2840\" rel=\"attachment wp-att-2840\"><img loading=\"lazy\" decoding=\"async\" class=\"alignleft size-medium wp-image-2840\" src=\"https:\/\/www.askolankokoomus.fi\/wp-content\/uploads\/2025\/03\/IMG_20250305_222645-267x300.jpg\" alt=\"\" width=\"267\" height=\"300\" srcset=\"https:\/\/www.askolankokoomus.fi\/wp-content\/uploads\/2025\/03\/IMG_20250305_222645-267x300.jpg 267w, https:\/\/www.askolankokoomus.fi\/wp-content\/uploads\/2025\/03\/IMG_20250305_222645-768x864.jpg 768w, https:\/\/www.askolankokoomus.fi\/wp-content\/uploads\/2025\/03\/IMG_20250305_222645.jpg 901w\" sizes=\"auto, (max-width: 267px) 100vw, 267px\" \/><\/a>Tiitus Maukonen<\/strong><br \/>\nopiskelija<\/p>\n<p>Olen 18 vuotias opiskelija Askolan kirkonkyl\u00e4lt\u00e4. Teen samaan aikaan sek\u00e4 lukio- ett\u00e4 ohjelmistokehitt\u00e4j\u00e4n opintoja. Itselleni t\u00e4rkeit\u00e4 teemoja kuntavaalisessa ovat nuorten vapaa-aikaan liittyv\u00e4t asiat. Haluaisin olla my\u00f6s kehitt\u00e4m\u00e4ss\u00e4 nuorten liikenneturvallisuutta Askolassa.<\/p>\n","protected":false},"excerpt":{"rendered":"<p>Tiitus Maukonen opiskelija Olen 18 vuotias opiskelija Askolan kirkonkyl\u00e4lt\u00e4. Teen samaan aikaan sek\u00e4 lukio- ett\u00e4 ohjelmistokehitt\u00e4j\u00e4n opintoja. Itselleni t\u00e4rkeit\u00e4 teemoja kuntavaalisessa ovat nuorten vapaa-aikaan liittyv\u00e4t asiat. Haluaisin olla my\u00f6s kehitt\u00e4m\u00e4ss\u00e4 nuorten liikenneturvallisuutta Askolassa.<\/p>\n","protected":false},"author":1,"featured_media":0,"parent":2640,"menu_order":0,"comment_status":"closed","ping_status":"closed","template":"","meta":{"footnotes":""},"class_list":["post-2851","page","type-page","status-publish","hentry"],"_links":{"self":[{"href":"https:\/\/www.askolankokoomus.fi\/index.php?rest_route=\/wp\/v2\/pages\/2851","targetHints":{"allow":["GET"]}}],"collection":[{"href":"https:\/\/www.askolankokoomus.fi\/index.php?rest_route=\/wp\/v2\/pages"}],"about":[{"href":"https:\/\/www.askolankokoomus.fi\/index.php?rest_route=\/wp\/v2\/types\/page"}],"author":[{"embeddable":true,"href":"https:\/\/www.askolankokoomus.fi\/index.php?rest_route=\/wp\/v2\/users\/1"}],"replies":[{"embeddable":true,"href":"https:\/\/www.askolankokoomus.fi\/index.php?rest_route=%2Fwp%2Fv2%2Fcomments&post=2851"}],"version-history":[{"count":3,"href":"https:\/\/www.askolankokoomus.fi\/index.php?rest_route=\/wp\/v2\/pages\/2851\/revisions"}],"predecessor-version":[{"id":3112,"href":"https:\/\/www.askolankokoomus.fi\/index.php?rest_route=\/wp\/v2\/pages\/2851\/revisions\/3112"}],"up":[{"embeddable":true,"href":"https:\/\/www.askolankokoomus.fi\/index.php?rest_route=\/wp\/v2\/pages\/2640"}],"wp:attachment":[{"href":"https:\/\/www.askolankokoomus.fi\/index.php?rest_route=%2Fwp%2Fv2%2Fmedia&parent=2851"}],"curies":[{"name":"wp","href":"https:\/\/api.w.org\/{rel}","templated":true}]}}