{"id":2848,"date":"2025-03-05T22:33:30","date_gmt":"2025-03-05T20:33:30","guid":{"rendered":"https:\/\/www.askolankokoomus.fi\/?page_id=2848"},"modified":"2025-03-13T18:23:43","modified_gmt":"2025-03-13T16:23:43","slug":"nro-xx-jouni-vilkki","status":"publish","type":"page","link":"https:\/\/www.askolankokoomus.fi\/?page_id=2848","title":{"rendered":"Nro 53 &#8211; Jouni Vilkki"},"content":{"rendered":"<p><strong><a href=\"https:\/\/www.askolankokoomus.fi\/?attachment_id=2841\" rel=\"attachment wp-att-2841\"><img loading=\"lazy\" decoding=\"async\" class=\"alignleft size-medium wp-image-2841\" src=\"https:\/\/www.askolankokoomus.fi\/wp-content\/uploads\/2025\/03\/IMG_20250305_222618-282x300.jpg\" alt=\"\" width=\"282\" height=\"300\" srcset=\"https:\/\/www.askolankokoomus.fi\/wp-content\/uploads\/2025\/03\/IMG_20250305_222618-282x300.jpg 282w, https:\/\/www.askolankokoomus.fi\/wp-content\/uploads\/2025\/03\/IMG_20250305_222618-768x817.jpg 768w, https:\/\/www.askolankokoomus.fi\/wp-content\/uploads\/2025\/03\/IMG_20250305_222618.jpg 951w\" sizes=\"auto, (max-width: 282px) 100vw, 282px\" \/><\/a>Jouni Vilkki<\/strong><br \/>\nsuntio, kunnanvaltuutettu, Osaaminen ja el\u00e4m\u00e4nlaatu -lautakunnan puheenjohtaja<br \/>\n(esittelyteksti tulossa t\u00e4h\u00e4n)<\/p>\n","protected":false},"excerpt":{"rendered":"<p>Jouni Vilkki suntio, kunnanvaltuutettu, Osaaminen ja el\u00e4m\u00e4nlaatu -lautakunnan puheenjohtaja (esittelyteksti tulossa t\u00e4h\u00e4n)<\/p>\n","protected":false},"author":1,"featured_media":0,"parent":2640,"menu_order":0,"comment_status":"closed","ping_status":"closed","template":"","meta":{"footnotes":""},"class_list":["post-2848","page","type-page","status-publish","hentry"],"_links":{"self":[{"href":"https:\/\/www.askolankokoomus.fi\/index.php?rest_route=\/wp\/v2\/pages\/2848","targetHints":{"allow":["GET"]}}],"collection":[{"href":"https:\/\/www.askolankokoomus.fi\/index.php?rest_route=\/wp\/v2\/pages"}],"about":[{"href":"https:\/\/www.askolankokoomus.fi\/index.php?rest_route=\/wp\/v2\/types\/page"}],"author":[{"embeddable":true,"href":"https:\/\/www.askolankokoomus.fi\/index.php?rest_route=\/wp\/v2\/users\/1"}],"replies":[{"embeddable":true,"href":"https:\/\/www.askolankokoomus.fi\/index.php?rest_route=%2Fwp%2Fv2%2Fcomments&post=2848"}],"version-history":[{"count":2,"href":"https:\/\/www.askolankokoomus.fi\/index.php?rest_route=\/wp\/v2\/pages\/2848\/revisions"}],"predecessor-version":[{"id":2975,"href":"https:\/\/www.askolankokoomus.fi\/index.php?rest_route=\/wp\/v2\/pages\/2848\/revisions\/2975"}],"up":[{"embeddable":true,"href":"https:\/\/www.askolankokoomus.fi\/index.php?rest_route=\/wp\/v2\/pages\/2640"}],"wp:attachment":[{"href":"https:\/\/www.askolankokoomus.fi\/index.php?rest_route=%2Fwp%2Fv2%2Fmedia&parent=2848"}],"curies":[{"name":"wp","href":"https:\/\/api.w.org\/{rel}","templated":true}]}}