{"id":2846,"date":"2025-03-05T22:32:15","date_gmt":"2025-03-05T20:32:15","guid":{"rendered":"https:\/\/www.askolankokoomus.fi\/?page_id=2846"},"modified":"2025-03-18T19:01:27","modified_gmt":"2025-03-18T17:01:27","slug":"nro-xx-kv-ja-xxxx-av-mikko-maukonen","status":"publish","type":"page","link":"https:\/\/www.askolankokoomus.fi\/?page_id=2846","title":{"rendered":"Nro 42 (KV) ja 2047 (AV) &#8211; Mikko Maukonen"},"content":{"rendered":"<p><strong><a href=\"https:\/\/www.askolankokoomus.fi\/?attachment_id=2775\" rel=\"attachment wp-att-2775\"><img loading=\"lazy\" decoding=\"async\" class=\"alignleft size-medium wp-image-2775\" src=\"https:\/\/www.askolankokoomus.fi\/wp-content\/uploads\/2025\/03\/IMG-20250305-WA0016-222x300.jpg\" alt=\"\" width=\"222\" height=\"300\" srcset=\"https:\/\/www.askolankokoomus.fi\/wp-content\/uploads\/2025\/03\/IMG-20250305-WA0016-222x300.jpg 222w, https:\/\/www.askolankokoomus.fi\/wp-content\/uploads\/2025\/03\/IMG-20250305-WA0016-758x1024.jpg 758w, https:\/\/www.askolankokoomus.fi\/wp-content\/uploads\/2025\/03\/IMG-20250305-WA0016-768x1037.jpg 768w, https:\/\/www.askolankokoomus.fi\/wp-content\/uploads\/2025\/03\/IMG-20250305-WA0016-1138x1536.jpg 1138w, https:\/\/www.askolankokoomus.fi\/wp-content\/uploads\/2025\/03\/IMG-20250305-WA0016.jpg 1185w\" sizes=\"auto, (max-width: 222px) 100vw, 222px\" \/><\/a><\/strong><\/p>\n<p>Hei!<\/p>\n<p>Olen 44-vuotias viiden lapsen is\u00e4 Askolan kirkonkyl\u00e4lt\u00e4. Olen ehdolla sek\u00e4 kunta- ett\u00e4 aluevaaleissa. Tulin valituksi valtuustoon ensimm\u00e4isen kerran vuoden 2017 kuntavaaleissa. Kuluvan valtuustokauden aloitin kunnanhallituksen j\u00e4senen\u00e4 sek\u00e4 henkil\u00f6st\u00f6jaoston puheenjohtajana. T\u00e4ll\u00e4 hetkell\u00e4 toimin Askolan valtuuston ensimm\u00e4inen varapuheenjohtaja. K\u00e4r\u00e4j\u00e4oikeuden lautamiehen\u00e4 olen toiminut kahden kauden verran. Yhdistyspuolella toimin Askolan Kokoomuksen puheenjohtajana sek\u00e4 Kokoomuksen Uudenmaan piirin piirihallituksen j\u00e4senen\u00e4.<\/p>\n<p>Vapaa-aika kuluu perhearjen ja kuntapolitiikan merkeiss\u00e4. J\u00e4ljelle j\u00e4\u00e4v\u00e4ll\u00e4 ajalla pyrin harrastamaan liikuntaa eri muodoissa.<\/p>\n<p>Kuntapolitiikassa itselleni t\u00e4rkeit\u00e4 teemoja ovat erityisesti lasten ja nuorten asiat sek\u00e4 perheiden hyvinvointi. N\u00e4ihin teemoihin panostamalla pystymme yll\u00e4pit\u00e4m\u00e4\u00e4n my\u00f6s Askolan pito- ja vetovoimaa. Lasten hyvinvointi perustuu siihen, ett\u00e4 koko perhe voi hyvin. Siksi Askolan hyvinvointiteht\u00e4v\u00e4n keski\u00f6\u00f6n tulee nostaa vanhemmuuden tukeminen. Tarvittavien palveluiden kartoittamiseksi olisi hyv\u00e4 kuulla perheit\u00e4 itse\u00e4\u00e4n.<\/p>\n<p>Lapset ja nuoret viett\u00e4v\u00e4t suuren osan arjestaan koulurakennusten sis\u00e4ll\u00e4. T\u00e4m\u00e4n vuoksi olemme menneill\u00e4 valtuustokausilla tehneet rohkeasti investointeja kouluverkoston yll\u00e4pitoon. Vertaillessa palveluverkostoa, Askola edustaa niit\u00e4 harvoja kuntia, joissa on uskallettu panostaa pienten kylien elinvoimaisuuteen s\u00e4ilytt\u00e4m\u00e4ll\u00e4 kyl\u00e4koulut. T\u00e4st\u00e4 on pyritt\u00e4v\u00e4 pit\u00e4m\u00e4\u00e4n kiinni my\u00f6s jatkossa. Jotta voimme onnistua t\u00e4ss\u00e4 teht\u00e4v\u00e4ss\u00e4 meid\u00e4n tulee yhdess\u00e4 kaikkien puolueiden kanssa l\u00f6yt\u00e4\u00e4 ratkaisuja, joilla saamme pidetty\u00e4 Askolan, kaikkine kylineen, vetovoimaisena ja houkuttelevana paikkana asua. Siksi Askolassa ei voida tyyty\u00e4 pelk\u00e4\u00e4n pitovoimaan vaan on rohkeasti kyett\u00e4v\u00e4 erottautuman laajasta kuntakent\u00e4st\u00e4.<\/p>\n<p>Askolalla on kaikki ev\u00e4\u00e4t onnistua. Olemme vain moukarin heiton p\u00e4\u00e4ss\u00e4 p\u00e4\u00e4kaupungista, mutta keskell\u00e4 maaseudun rauhaa hyvien palveluiden ymp\u00e4r\u00f6im\u00e4n\u00e4.<br \/>\nAskola on hyv\u00e4 paikka yritt\u00e4\u00e4. Matalan kynnyksen palvelut ja pienen kunnan ketteryys tulee valjastaa palvelemaan yritystemme tarpeita. Palveluhankinnassa tulee huomioida pienten yritysten mahdollisuudet osallistua ja onnistua. Vastaavasti kuntalaisten tulee tiet\u00e4\u00e4 mist\u00e4 he veroeuroillaan maksavat. Sopimusten l\u00e4pin\u00e4kyvyys palvelulupauksineen antaa kuntalaisille mahdollisuuden valvoa palvelun laatua.<\/p>\n<p>Aluevaltuustossa haluan olla puolustamassa laadukkaita l\u00e4hipalveluita. Teht\u00e4v\u00e4 on v\u00e4hint\u00e4\u00e4nkin haastava, sill\u00e4 joudumme tulemaan toimeen varsin niukoilla resursseilla. T\u00e4m\u00e4 pakottaa meit\u00e4 my\u00f6s miettim\u00e4\u00e4n jokaisen toimintaan sijoitetun euron vaikuttavuutta. Liikkuvien ja digitaalisten palveluiden k\u00e4ytt\u00f6\u00e4 tulee lis\u00e4t\u00e4. Niiden teht\u00e4v\u00e4n\u00e4 on monipuolistaa pienempien kuntien palvelutarjontaa ja toisaalta purkaa jonoja l\u00e4hipalveluiden vastaanotoilta et\u00e4vastaanotoille. N\u00e4in toimimalla l\u00e4hivastaanottojen ajat j\u00e4\u00e4v\u00e4t niiden asiakkaiden k\u00e4ytt\u00f6\u00f6n, jotka niit\u00e4 eniten tarvitsevat.<\/p>\n<p>Perhehoitajien rekrytointiin kannattaa laittaa panoksia. Perhehoidon asemaa tulisi vahvistaa niin vanhusten hoidossa kuin sijaishuollossakin. Ennakoivaan sosiaality\u00f6h\u00f6n panostaminen maksaa itsens\u00e4 takaisin korkojen kera, jos pystymme puuttumaan lasten ja nuorten el\u00e4m\u00e4npolkuun korjaavin toimin riitt\u00e4v\u00e4n hyviss\u00e4 ajoin.<\/p>\n<p>Edellisell\u00e4 valtuustokaudella omaishoitajien tukeen tehtiin heikennyksi\u00e4. Nyt alkavalla valtuustokaudella leikkausten vaikutukset tulee voida arvioida uudelleen.<\/p>\n<p>Omaishoidosta maksettavan korvauksen ei pid\u00e4 olla pelkk\u00e4 muodollisuus, vaan sen tulee osoittaa my\u00f6s arvostusta kyseist\u00e4 ty\u00f6t\u00e4 kohtaan. Samalla omaishoitajien jaksamiseen tulee kiinnitt\u00e4\u00e4 erityist\u00e4 huomiota, etenkin ik\u00e4ihmisten kohdalla. Hyvinvointialueen tulee olla my\u00f6s varmistamassa, ett\u00e4 vertaistuki ja yhteiset kohtaamiset ovat jokaisen omaishoitajan ulottuvilla.<\/p>\n<p>Perheiden hyvinvointi on kuntien ja hyvinvointialueiden teht\u00e4vien rajapinnalla. Siksi vastuun siirtelyn sijaan meid\u00e4n on kyett\u00e4v\u00e4 vastaamaan teht\u00e4v\u00e4\u00e4n yhdess\u00e4 kummastakin suunnasta yhteisin tavoittein.<br \/>\nVaalilupaukseni on tehd\u00e4 t\u00f6it\u00e4 parhaani sek\u00e4 kunnan ett\u00e4 hyvinvointialueen eteen.<\/p>\n<p>Pyrin pit\u00e4m\u00e4\u00e4n sen mink\u00e4 lupaan, mutta pyrin olemaan lupaamatta liikoja. Politiikan teon tulee olla vastuullista ja avointa. Irtopisteiden tavoittelun sijaan keskustelun tulee olla rehellist\u00e4 ja rakentavaa. Politiikassa yksin emme ole juuri mit\u00e4\u00e4n, mutta yhteisty\u00f6ll\u00e4 yli puoluerajojen saamme paljon aikaan. Voit olla aina yhteydess\u00e4 niin mietit\u00e4\u00e4n yhdess\u00e4 mit\u00e4 voitaisiin asioiden eteen tehd\u00e4.<\/p>\n<p>Yhteystietoni ovat:<\/p>\n<p>mikko.maukonen@outlook.com<\/p>\n<p>puh: 0445338838<\/p>\n","protected":false},"excerpt":{"rendered":"<p>Hei! Olen 44-vuotias viiden lapsen is\u00e4 Askolan kirkonkyl\u00e4lt\u00e4. Olen ehdolla sek\u00e4 kunta- ett\u00e4 aluevaaleissa. Tulin valituksi valtuustoon ensimm\u00e4isen kerran vuoden 2017 kuntavaaleissa. Kuluvan valtuustokauden aloitin kunnanhallituksen j\u00e4senen\u00e4 sek\u00e4 henkil\u00f6st\u00f6jaoston puheenjohtajana. T\u00e4ll\u00e4 hetkell\u00e4 toimin Askolan valtuuston ensimm\u00e4inen varapuheenjohtaja. K\u00e4r\u00e4j\u00e4oikeuden lautamiehen\u00e4 olen &hellip; <a href=\"https:\/\/www.askolankokoomus.fi\/?page_id=2846\">Lue loppuun <span class=\"meta-nav\">&rarr;<\/span><\/a><\/p>\n","protected":false},"author":1,"featured_media":0,"parent":2640,"menu_order":0,"comment_status":"closed","ping_status":"closed","template":"","meta":{"footnotes":""},"class_list":["post-2846","page","type-page","status-publish","hentry"],"_links":{"self":[{"href":"https:\/\/www.askolankokoomus.fi\/index.php?rest_route=\/wp\/v2\/pages\/2846","targetHints":{"allow":["GET"]}}],"collection":[{"href":"https:\/\/www.askolankokoomus.fi\/index.php?rest_route=\/wp\/v2\/pages"}],"about":[{"href":"https:\/\/www.askolankokoomus.fi\/index.php?rest_route=\/wp\/v2\/types\/page"}],"author":[{"embeddable":true,"href":"https:\/\/www.askolankokoomus.fi\/index.php?rest_route=\/wp\/v2\/users\/1"}],"replies":[{"embeddable":true,"href":"https:\/\/www.askolankokoomus.fi\/index.php?rest_route=%2Fwp%2Fv2%2Fcomments&post=2846"}],"version-history":[{"count":7,"href":"https:\/\/www.askolankokoomus.fi\/index.php?rest_route=\/wp\/v2\/pages\/2846\/revisions"}],"predecessor-version":[{"id":3052,"href":"https:\/\/www.askolankokoomus.fi\/index.php?rest_route=\/wp\/v2\/pages\/2846\/revisions\/3052"}],"up":[{"embeddable":true,"href":"https:\/\/www.askolankokoomus.fi\/index.php?rest_route=\/wp\/v2\/pages\/2640"}],"wp:attachment":[{"href":"https:\/\/www.askolankokoomus.fi\/index.php?rest_route=%2Fwp%2Fv2%2Fmedia&parent=2846"}],"curies":[{"name":"wp","href":"https:\/\/api.w.org\/{rel}","templated":true}]}}