{"id":2844,"date":"2025-03-05T22:31:08","date_gmt":"2025-03-05T20:31:08","guid":{"rendered":"https:\/\/www.askolankokoomus.fi\/?page_id=2844"},"modified":"2025-03-13T18:11:59","modified_gmt":"2025-03-13T16:11:59","slug":"nro-xx-ali-felin","status":"publish","type":"page","link":"https:\/\/www.askolankokoomus.fi\/?page_id=2844","title":{"rendered":"Nro 32 &#8211; Ali Felin"},"content":{"rendered":"<p><strong><a href=\"https:\/\/www.askolankokoomus.fi\/?attachment_id=2838\" rel=\"attachment wp-att-2838\"><img loading=\"lazy\" decoding=\"async\" class=\"alignleft size-medium wp-image-2838\" src=\"https:\/\/www.askolankokoomus.fi\/wp-content\/uploads\/2025\/03\/IMG_20250305_222733-300x294.jpg\" alt=\"\" width=\"300\" height=\"294\" srcset=\"https:\/\/www.askolankokoomus.fi\/wp-content\/uploads\/2025\/03\/IMG_20250305_222733-300x294.jpg 300w, https:\/\/www.askolankokoomus.fi\/wp-content\/uploads\/2025\/03\/IMG_20250305_222733-768x752.jpg 768w, https:\/\/www.askolankokoomus.fi\/wp-content\/uploads\/2025\/03\/IMG_20250305_222733.jpg 783w\" sizes=\"auto, (max-width: 300px) 100vw, 300px\" \/><\/a><\/strong>Tulevaisuuden puolesta &#8211; yhdess\u00e4<\/p>\n<p>Ali Felin &#8211; Vahva \u00e4\u00e4ni yhteis\u00f6mme hyv\u00e4ksi<\/p>\n<p>Olen kuusikymppinen auktorisoitu is\u00e4nn\u00f6itsij\u00e4 sek\u00e4 yritt\u00e4j\u00e4 <strong>Ali Felin<\/strong> ja monille jo tuttu nimi.<\/p>\n<p>Tausta, kokemus ja v\u00e4h\u00e4n muutakin<\/p>\n<p>Olen syntynyt Helsingiss\u00e4 1960-luvulla ja asunut Askolan kunnassa 1990-luvulta l\u00e4htien. Tunnen paikalliset haasteet ja mahdollisuudet. Toimin useissa paikallisissa yhteis\u00f6iss\u00e4 ja projekteissa. Kunnallispolitiikka on seurannut minua jo 1990-luvun lopulta l\u00e4htien joitakin taukoja lukuun ottamatta. Olen my\u00f6s nelj\u00e4n aikuisen lapsen is\u00e4 ja kahden lapsenlapsen faari. Mets\u00e4stys, matkustelu, elokuvat, lukeminen, laulaminen, kokkaaminen ja oluiden maistelu kuuluvat harrastusteni piiriin.<\/p>\n<p>Arvot ja periaatteet<\/p>\n<p>Uskon vahvasti tasa-arvoon, oikeudenmukaisuuteen ja yhteis\u00f6llisyyteen. Haluan varmistaa, ett\u00e4 kuntamme on paikka, jossa jokainen voi tuntea olonsa turvalliseksi ja arvostetuksi. Avoimuus ja osallistaminen ovat avainasemassa p\u00e4\u00e4t\u00f6ksenteossa. Kuuntelen herk\u00e4ll\u00e4 korvalla kuntalaisten huolia ja toiveita, ja haluan tuoda heid\u00e4n \u00e4\u00e4nens\u00e4 kuuluviin kunnan toimielimiss\u00e4.<\/p>\n<p>T\u00e4rkeimm\u00e4t tavoitteet<\/p>\n<p>Muutama keskeinen tavoite, jotka heijastavat arvojani ja yhteis\u00f6mme tarpeita:<\/p>\n<p>Koulutus ja nuoriso: Haluan, ett\u00e4 koulujemme resurssit ovat riitt\u00e4v\u00e4t ja tukevat nuorten henkist\u00e4 hyvinvointia. Uskon, ett\u00e4 laadukas koulutus ja turvallinen kasvuymp\u00e4rist\u00f6 ovat avainasemassa tulevaisuuden rakentamisessa.<\/p>\n<p>Ymp\u00e4rist\u00f6: Olen sitoutunut kest\u00e4v\u00e4\u00e4n kehitykseen ja ymp\u00e4rist\u00f6nsuojeluun. Haluan edist\u00e4\u00e4 vihreit\u00e4 energiaratkaisuja ja v\u00e4hent\u00e4\u00e4 kuntamme hiilijalanj\u00e4lke\u00e4.<\/p>\n<p>Taloudellinen vakaus: Pyrin luomaan kunnallemme taloudellista vakautta, joka mahdollistaa kest\u00e4v\u00e4t investoinnit ja palveluiden kehitt\u00e4misen ilman turhia velkataakkoja. Kunnallisveromme t\u00e4ytyy pit\u00e4\u00e4 sellaisella tasolla, ettei se poikkea merkitt\u00e4v\u00e4sti naapurikuntiemme alemmista tasoista.<\/p>\n<p>Yhteisty\u00f6 ja osallistaminen<\/p>\n<p>Uskon, ett\u00e4 yhdess\u00e4 voimme saavuttaa enemm\u00e4n. Haluan edist\u00e4\u00e4 yhteisty\u00f6t\u00e4 eri sidosryhmien v\u00e4lill\u00e4 ja varmistaa, ett\u00e4 kaikkien \u00e4\u00e4ni tulee kuulluksi. Pid\u00e4n t\u00e4rke\u00e4n\u00e4 kuntalaisten osallistamista p\u00e4\u00e4t\u00f6ksentekoon ja haluan edist\u00e4\u00e4 avoimia foorumeita, joissa asukkaat voivat jakaa mielipiteit\u00e4\u00e4n ja ideoitaan.<\/p>\n<p>Visio tulevaisuudesta<\/p>\n<p>Visioni meid\u00e4n kunnallemme on selke\u00e4: haluan rakentaa yhteis\u00f6n, jossa jokainen voi kokea olevansa osa jotain suurempaa. Tavoittelen kuntaa, jossa lapset kasvavat turvassa, nuoret l\u00f6yt\u00e4v\u00e4t polkunsa, ty\u00f6ik\u00e4iset voivat menesty\u00e4 ja vanhukset el\u00e4\u00e4 arvokkaasti. Uskon, ett\u00e4 yhdess\u00e4 voimme tehd\u00e4 kunnasta paremman paikan meille kaikille.<\/p>\n<p>Yhdess\u00e4 voimme luoda paremman tulevaisuuden!<\/p>\n","protected":false},"excerpt":{"rendered":"<p>Tulevaisuuden puolesta &#8211; yhdess\u00e4 Ali Felin &#8211; Vahva \u00e4\u00e4ni yhteis\u00f6mme hyv\u00e4ksi Olen kuusikymppinen auktorisoitu is\u00e4nn\u00f6itsij\u00e4 sek\u00e4 yritt\u00e4j\u00e4 Ali Felin ja monille jo tuttu nimi. Tausta, kokemus ja v\u00e4h\u00e4n muutakin Olen syntynyt Helsingiss\u00e4 1960-luvulla ja asunut Askolan kunnassa 1990-luvulta l\u00e4htien. Tunnen &hellip; <a href=\"https:\/\/www.askolankokoomus.fi\/?page_id=2844\">Lue loppuun <span class=\"meta-nav\">&rarr;<\/span><\/a><\/p>\n","protected":false},"author":1,"featured_media":0,"parent":2640,"menu_order":0,"comment_status":"closed","ping_status":"closed","template":"","meta":{"footnotes":""},"class_list":["post-2844","page","type-page","status-publish","hentry"],"_links":{"self":[{"href":"https:\/\/www.askolankokoomus.fi\/index.php?rest_route=\/wp\/v2\/pages\/2844","targetHints":{"allow":["GET"]}}],"collection":[{"href":"https:\/\/www.askolankokoomus.fi\/index.php?rest_route=\/wp\/v2\/pages"}],"about":[{"href":"https:\/\/www.askolankokoomus.fi\/index.php?rest_route=\/wp\/v2\/types\/page"}],"author":[{"embeddable":true,"href":"https:\/\/www.askolankokoomus.fi\/index.php?rest_route=\/wp\/v2\/users\/1"}],"replies":[{"embeddable":true,"href":"https:\/\/www.askolankokoomus.fi\/index.php?rest_route=%2Fwp%2Fv2%2Fcomments&post=2844"}],"version-history":[{"count":6,"href":"https:\/\/www.askolankokoomus.fi\/index.php?rest_route=\/wp\/v2\/pages\/2844\/revisions"}],"predecessor-version":[{"id":2954,"href":"https:\/\/www.askolankokoomus.fi\/index.php?rest_route=\/wp\/v2\/pages\/2844\/revisions\/2954"}],"up":[{"embeddable":true,"href":"https:\/\/www.askolankokoomus.fi\/index.php?rest_route=\/wp\/v2\/pages\/2640"}],"wp:attachment":[{"href":"https:\/\/www.askolankokoomus.fi\/index.php?rest_route=%2Fwp%2Fv2%2Fmedia&parent=2844"}],"curies":[{"name":"wp","href":"https:\/\/api.w.org\/{rel}","templated":true}]}}