{"id":2836,"date":"2025-03-05T22:30:03","date_gmt":"2025-03-05T20:30:03","guid":{"rendered":"https:\/\/www.askolankokoomus.fi\/?page_id=2836"},"modified":"2025-03-13T18:24:12","modified_gmt":"2025-03-13T16:24:12","slug":"nro-xx-kimmo-virtanen","status":"publish","type":"page","link":"https:\/\/www.askolankokoomus.fi\/?page_id=2836","title":{"rendered":"Nro 54 &#8211; Kimmo Virtanen"},"content":{"rendered":"<p><strong><a href=\"https:\/\/www.askolankokoomus.fi\/?attachment_id=2837\" rel=\"attachment wp-att-2837\"><img loading=\"lazy\" decoding=\"async\" class=\"alignleft size-medium wp-image-2837\" src=\"https:\/\/www.askolankokoomus.fi\/wp-content\/uploads\/2025\/03\/IMG_20250305_222754-254x300.jpg\" alt=\"\" width=\"254\" height=\"300\" srcset=\"https:\/\/www.askolankokoomus.fi\/wp-content\/uploads\/2025\/03\/IMG_20250305_222754-254x300.jpg 254w, https:\/\/www.askolankokoomus.fi\/wp-content\/uploads\/2025\/03\/IMG_20250305_222754-868x1024.jpg 868w, https:\/\/www.askolankokoomus.fi\/wp-content\/uploads\/2025\/03\/IMG_20250305_222754-768x906.jpg 768w, https:\/\/www.askolankokoomus.fi\/wp-content\/uploads\/2025\/03\/IMG_20250305_222754.jpg 943w\" sizes=\"auto, (max-width: 254px) 100vw, 254px\" \/><\/a><\/strong>Olen <strong>Kimmo Virtanen<\/strong>. 52 vuotias, naimisissa ja kahden jo aikuisen ja yhden teini-ik\u00e4isen lasten is\u00e4. Olen my\u00f6s kahden pienen lapsenlapsen vaari.Kotoisin olen alunperin Helsingist\u00e4 mutta Askolassa olen asunut jo 29 vuotta. T\u00e4\u00e4ll\u00e4 on ollut hyv\u00e4 asua ja kasvattaa lapsia.<\/p>\n<p>Vapaa-aikani kuluu sukututkimusta tehdess\u00e4, ulkoillen ja pihalla puuhastellen sek\u00e4 lomilla on mukava kierrell\u00e4 asuntoautolla pitkin Suomea.<\/p>\n<p>Ty\u00f6skentelen Helsingiss\u00e4 koestajana.<\/p>\n<p>Olen ensikertaa ehdolla kunnallisvaaleissa.<\/p>\n<p>Minulle t\u00e4rkeit\u00e4 asioita ovat mm. lasten -ja nuorten hyvinvointi, koulutusmahdollisuudet ja lasten varhaiskasvatus sek\u00e4 kunnan vetovoimaisuus uusien asukkaiden saamiseksi.<\/p>\n","protected":false},"excerpt":{"rendered":"<p>Olen Kimmo Virtanen. 52 vuotias, naimisissa ja kahden jo aikuisen ja yhden teini-ik\u00e4isen lasten is\u00e4. Olen my\u00f6s kahden pienen lapsenlapsen vaari.Kotoisin olen alunperin Helsingist\u00e4 mutta Askolassa olen asunut jo 29 vuotta. T\u00e4\u00e4ll\u00e4 on ollut hyv\u00e4 asua ja kasvattaa lapsia. Vapaa-aikani &hellip; <a href=\"https:\/\/www.askolankokoomus.fi\/?page_id=2836\">Lue loppuun <span class=\"meta-nav\">&rarr;<\/span><\/a><\/p>\n","protected":false},"author":1,"featured_media":0,"parent":2640,"menu_order":0,"comment_status":"closed","ping_status":"closed","template":"","meta":{"footnotes":""},"class_list":["post-2836","page","type-page","status-publish","hentry"],"_links":{"self":[{"href":"https:\/\/www.askolankokoomus.fi\/index.php?rest_route=\/wp\/v2\/pages\/2836","targetHints":{"allow":["GET"]}}],"collection":[{"href":"https:\/\/www.askolankokoomus.fi\/index.php?rest_route=\/wp\/v2\/pages"}],"about":[{"href":"https:\/\/www.askolankokoomus.fi\/index.php?rest_route=\/wp\/v2\/types\/page"}],"author":[{"embeddable":true,"href":"https:\/\/www.askolankokoomus.fi\/index.php?rest_route=\/wp\/v2\/users\/1"}],"replies":[{"embeddable":true,"href":"https:\/\/www.askolankokoomus.fi\/index.php?rest_route=%2Fwp%2Fv2%2Fcomments&post=2836"}],"version-history":[{"count":5,"href":"https:\/\/www.askolankokoomus.fi\/index.php?rest_route=\/wp\/v2\/pages\/2836\/revisions"}],"predecessor-version":[{"id":2976,"href":"https:\/\/www.askolankokoomus.fi\/index.php?rest_route=\/wp\/v2\/pages\/2836\/revisions\/2976"}],"up":[{"embeddable":true,"href":"https:\/\/www.askolankokoomus.fi\/index.php?rest_route=\/wp\/v2\/pages\/2640"}],"wp:attachment":[{"href":"https:\/\/www.askolankokoomus.fi\/index.php?rest_route=%2Fwp%2Fv2%2Fmedia&parent=2836"}],"curies":[{"name":"wp","href":"https:\/\/api.w.org\/{rel}","templated":true}]}}