{"id":2802,"date":"2025-03-05T21:37:08","date_gmt":"2025-03-05T19:37:08","guid":{"rendered":"https:\/\/www.askolankokoomus.fi\/?page_id=2802"},"modified":"2025-03-13T18:13:50","modified_gmt":"2025-03-13T16:13:50","slug":"nro-xx-hanna-mari-hakola-riihisaari","status":"publish","type":"page","link":"https:\/\/www.askolankokoomus.fi\/?page_id=2802","title":{"rendered":"Nro 34 &#8211; Hanna-Mari Hakola-Riihisaari"},"content":{"rendered":"<p><a href=\"https:\/\/www.askolankokoomus.fi\/?attachment_id=2757\" rel=\"attachment wp-att-2757\"><img loading=\"lazy\" decoding=\"async\" class=\"alignleft size-medium wp-image-2757\" src=\"https:\/\/www.askolankokoomus.fi\/wp-content\/uploads\/2025\/03\/IMG-20250305-WA0003-234x300.jpg\" alt=\"\" width=\"234\" height=\"300\" srcset=\"https:\/\/www.askolankokoomus.fi\/wp-content\/uploads\/2025\/03\/IMG-20250305-WA0003-234x300.jpg 234w, https:\/\/www.askolankokoomus.fi\/wp-content\/uploads\/2025\/03\/IMG-20250305-WA0003-799x1024.jpg 799w, https:\/\/www.askolankokoomus.fi\/wp-content\/uploads\/2025\/03\/IMG-20250305-WA0003-768x985.jpg 768w, https:\/\/www.askolankokoomus.fi\/wp-content\/uploads\/2025\/03\/IMG-20250305-WA0003-1198x1536.jpg 1198w, https:\/\/www.askolankokoomus.fi\/wp-content\/uploads\/2025\/03\/IMG-20250305-WA0003.jpg 1597w\" sizes=\"auto, (max-width: 234px) 100vw, 234px\" \/><\/a>Hei, Olen <strong>Hanna-Mari Hakola-Riihisaari<\/strong>, ik\u00e4\u00e4 on 41 vuotta. Askolassa olen asunut 10 vuotta ja alkujuureni ovat Etel\u00e4-Pohjanmaalta Sein\u00e4joelta.<br \/>\nVarhaiskasvatuksessa olen ty\u00f6skennellyt yli 20 vuotta ja t\u00e4ll\u00e4 hetkell\u00e4 vaikutan Askolassa kunnan ty\u00f6ntekij\u00e4n\u00e4 varhaiskasvatuksen opettajan virassa. Minulle kolmen lapsen \u00e4itin\u00e4 on asuinpaikkakunnan elinymp\u00e4rist\u00f6n hyvinvointi ja sen kehitt\u00e4minen t\u00e4rke\u00e4\u00e4, mik\u00e4 tukee lasten ja nuorten hyvinvointia, ik\u00e4ihmisi\u00e4 unohtamatta.<\/p>\n<p>Maaseutuasuminen on kaunista, jos siit\u00e4 esteettisesti pidet\u00e4\u00e4n huolta ja asuinymp\u00e4rist\u00f6, palvelut ja tukitoimet toimivat lapsiperheit\u00e4 ajatellen. Lasten ja lapsiperheiden hyvinvointi on minulle syd\u00e4men asia ja omalta osaltani pystyn t\u00e4h\u00e4n vaikuttamaan omassa kutsumusty\u00f6ss\u00e4ni varhaiskasvatuksen opettajana.<\/p>\n<p>Varhaiskasvatuksen opettajana oman ty\u00f6ni toteutan lasten etu edell\u00e4 ja olen jo omassa ty\u00f6ss\u00e4ni rohkea tuomaan kehitysideoita esille ja puuttumaan tarvittaessa ep\u00e4kohtiin. Min\u00e4 haluan olla vahva Askolan kunnan lasten-ja nuorten vuoksi, haluan olla vahva osaamisen ja elinymp\u00e4rist\u00f6n el\u00e4m\u00e4nlaadun vuoksi, min\u00e4 olen vahva n\u00e4iden asioiden vuoksi ja siksi olen ehdolla kev\u00e4\u00e4n kuntavaaleissa 2025.<\/p>\n<p>Koulutus:<br \/>\nAsiakaspalvelun ja markkinoinnin merkonomi, 2003<br \/>\nL\u00e4hihoitaja, lasten- ja nuorten koulutusohjelma, 2007<br \/>\nKasvatustieteiden kandidaatti, 2022<\/p>\n<p>Harrastus ja vapaaehtoisty\u00f6:<br \/>\nHarrastuksiini kuuluu nyrkkeily ja teen my\u00f6s vapaaehtoisty\u00f6t\u00e4 seurassani. Nyrkkeilyakatemia J\u00e4rvenp\u00e4\u00e4ss\u00e4 toimin seuran hallituksessa sihteerin hommissa, olen tapahtumavastaava, huolehdin seuran somemarkkinoinnista sek\u00e4 toimin yhten\u00e4 juniorinyrkkeilyn valmentajana. Joten voisi sanoa, ett\u00e4 rakkaudesta lajiin n\u00e4kyy monipuolisesti&#x1f605;<\/p>\n<p>Luonteeseeni kuuluukin, ett\u00e4 tartun aina tuumasta toimeen ja n\u00e4in toteutan my\u00f6s kuntavaaliehdokkuuteni, sill\u00e4 yhdess\u00e4h\u00e4n me t\u00e4\u00e4ll\u00e4 asutaan ja meill\u00e4 kaikilla pit\u00e4\u00e4 olla kunnassa hyv\u00e4 olla ja asua, niin vauvoista vaareihin.<br \/>\nOlen sanavalmis t\u00e4rkeiden asioiden eteen ja omaan hyv\u00e4n kuuntelutaidon. Sanavalmiuden ja kuuntelemisen yhdist\u00e4n teoiksi.<\/p>\n<p>T\u00e4rkeit\u00e4 teemoja minulle ovat lapsiperheet, lapset ja nuoret, sivistyspalveluiden henkil\u00f6st\u00f6n ja johtoteht\u00e4viss\u00e4 olevien henkil\u00f6iden koulutuksen t\u00e4rkeys ja arvostus (pedagoginen ammattitaito ja johtaminen, lasten etu oppimisessa ja opetuksessa), terveelliset ja turvalliset tilat, ymp\u00e4rist\u00f6 ja ravinto (rakennukset, Askolan esteettisyys, palvelutuottajien ruoan l\u00e4ht\u00f6kohdat), liikuntapalveluiden kehitt\u00e4minen ja huoltaminen.<\/p>\n","protected":false},"excerpt":{"rendered":"<p>Hei, Olen Hanna-Mari Hakola-Riihisaari, ik\u00e4\u00e4 on 41 vuotta. Askolassa olen asunut 10 vuotta ja alkujuureni ovat Etel\u00e4-Pohjanmaalta Sein\u00e4joelta. Varhaiskasvatuksessa olen ty\u00f6skennellyt yli 20 vuotta ja t\u00e4ll\u00e4 hetkell\u00e4 vaikutan Askolassa kunnan ty\u00f6ntekij\u00e4n\u00e4 varhaiskasvatuksen opettajan virassa. Minulle kolmen lapsen \u00e4itin\u00e4 on asuinpaikkakunnan &hellip; <a href=\"https:\/\/www.askolankokoomus.fi\/?page_id=2802\">Lue loppuun <span class=\"meta-nav\">&rarr;<\/span><\/a><\/p>\n","protected":false},"author":1,"featured_media":0,"parent":2640,"menu_order":0,"comment_status":"closed","ping_status":"closed","template":"","meta":{"footnotes":""},"class_list":["post-2802","page","type-page","status-publish","hentry"],"_links":{"self":[{"href":"https:\/\/www.askolankokoomus.fi\/index.php?rest_route=\/wp\/v2\/pages\/2802","targetHints":{"allow":["GET"]}}],"collection":[{"href":"https:\/\/www.askolankokoomus.fi\/index.php?rest_route=\/wp\/v2\/pages"}],"about":[{"href":"https:\/\/www.askolankokoomus.fi\/index.php?rest_route=\/wp\/v2\/types\/page"}],"author":[{"embeddable":true,"href":"https:\/\/www.askolankokoomus.fi\/index.php?rest_route=\/wp\/v2\/users\/1"}],"replies":[{"embeddable":true,"href":"https:\/\/www.askolankokoomus.fi\/index.php?rest_route=%2Fwp%2Fv2%2Fcomments&post=2802"}],"version-history":[{"count":2,"href":"https:\/\/www.askolankokoomus.fi\/index.php?rest_route=\/wp\/v2\/pages\/2802\/revisions"}],"predecessor-version":[{"id":2956,"href":"https:\/\/www.askolankokoomus.fi\/index.php?rest_route=\/wp\/v2\/pages\/2802\/revisions\/2956"}],"up":[{"embeddable":true,"href":"https:\/\/www.askolankokoomus.fi\/index.php?rest_route=\/wp\/v2\/pages\/2640"}],"wp:attachment":[{"href":"https:\/\/www.askolankokoomus.fi\/index.php?rest_route=%2Fwp%2Fv2%2Fmedia&parent=2802"}],"curies":[{"name":"wp","href":"https:\/\/api.w.org\/{rel}","templated":true}]}}