{"id":2799,"date":"2025-03-05T21:32:47","date_gmt":"2025-03-05T19:32:47","guid":{"rendered":"https:\/\/www.askolankokoomus.fi\/?page_id=2799"},"modified":"2025-03-17T08:17:32","modified_gmt":"2025-03-17T06:17:32","slug":"nro-xx-kari-tuovinen","status":"publish","type":"page","link":"https:\/\/www.askolankokoomus.fi\/?page_id=2799","title":{"rendered":"Nro 52 &#8211; Kari Tuovinen"},"content":{"rendered":"<p><a href=\"https:\/\/www.askolankokoomus.fi\/?attachment_id=2758\" rel=\"attachment wp-att-2758\"><img loading=\"lazy\" decoding=\"async\" class=\"alignleft size-medium wp-image-2758\" src=\"https:\/\/www.askolankokoomus.fi\/wp-content\/uploads\/2025\/03\/IMG-20250305-WA0006-283x300.jpg\" alt=\"\" width=\"283\" height=\"300\" srcset=\"https:\/\/www.askolankokoomus.fi\/wp-content\/uploads\/2025\/03\/IMG-20250305-WA0006-283x300.jpg 283w, https:\/\/www.askolankokoomus.fi\/wp-content\/uploads\/2025\/03\/IMG-20250305-WA0006-965x1024.jpg 965w, https:\/\/www.askolankokoomus.fi\/wp-content\/uploads\/2025\/03\/IMG-20250305-WA0006-768x815.jpg 768w, https:\/\/www.askolankokoomus.fi\/wp-content\/uploads\/2025\/03\/IMG-20250305-WA0006-1448x1536.jpg 1448w, https:\/\/www.askolankokoomus.fi\/wp-content\/uploads\/2025\/03\/IMG-20250305-WA0006.jpg 1508w\" sizes=\"auto, (max-width: 283px) 100vw, 283px\" \/><\/a>Olen 63-vuotias rovasti, seurakuntapappi, seurakuntaty\u00f6n ty\u00f6nohjaaja, TM. Olen naimisissa ja asunut Askolan kirkonkyl\u00e4ll\u00e4 vaimoni kanssa kes\u00e4st\u00e4 2022 alkaen. Uusperheemme lapset ovat jo aikuistuneita ja omillaan. Viimeisiksi ty\u00f6vuosikseni siirryin seurakunnan johtoteht\u00e4vist\u00e4 papin perusty\u00f6h\u00f6n. Vapautunutta aikaa olen valmis k\u00e4ytt\u00e4m\u00e4\u00e4n yhteisten asioiden hoitamiseen.<\/p>\n<p>P\u00e4\u00e4t\u00f6ksentekoni on arvoperustaista. Meid\u00e4n tulee ottaa huomioon p\u00e4\u00e4t\u00f6ksiss\u00e4mme lasten, nuorten ja senioreiden hyv\u00e4. Oikeudenmukaisuus ja yhdenvertaisuus sek\u00e4 luonnosta ja haavoittuvimmassa asemassa olevista l\u00e4himm\u00e4isist\u00e4 huolenpit\u00e4minen ovat t\u00e4rkeit\u00e4 arvoja itselleni. Askolan vetovoima on luonnossa ja yhteis\u00f6llisyydess\u00e4, pidet\u00e4\u00e4n siis huolta niist\u00e4.<\/p>\n<p>Yhteisen hyv\u00e4n jakamisen tulee perustua vastuunkantamiseen yksil\u00f6in\u00e4 ja yhteis\u00f6n\u00e4. Jotta jaettavaa hyv\u00e4\u00e4 olisi, taloutemme tulee olla kest\u00e4v\u00e4ll\u00e4 pohjalla. Julkista taloutta ei voida rakentaa toinen toistaan seuraavien veronkorotusten varaan, vaan veroastetta pit\u00e4isi voida jossain kohtaa my\u00f6s laskea.<\/p>\n<p>Hyvinvointimme on riippuvainen luonnosta ja sen hyvinvoinnista, siksi kaikessa p\u00e4\u00e4t\u00f6ksenteossa tulee ottaa huomioon vaikutukset luonnolle.<\/p>\n<p>Kaiken kaikkiaan tavoitteeni on mahdollistaa turvallinen el\u00e4m\u00e4 viihtyis\u00e4ss\u00e4 Askolassa.<\/p>\n<p><a href=\"https:\/\/www.tuovinen.biz\">Lis\u00e4\u00e4 Karin kotisivulla<\/a><\/p>\n","protected":false},"excerpt":{"rendered":"<p>Olen 63-vuotias rovasti, seurakuntapappi, seurakuntaty\u00f6n ty\u00f6nohjaaja, TM. Olen naimisissa ja asunut Askolan kirkonkyl\u00e4ll\u00e4 vaimoni kanssa kes\u00e4st\u00e4 2022 alkaen. Uusperheemme lapset ovat jo aikuistuneita ja omillaan. Viimeisiksi ty\u00f6vuosikseni siirryin seurakunnan johtoteht\u00e4vist\u00e4 papin perusty\u00f6h\u00f6n. Vapautunutta aikaa olen valmis k\u00e4ytt\u00e4m\u00e4\u00e4n yhteisten asioiden hoitamiseen. &hellip; <a href=\"https:\/\/www.askolankokoomus.fi\/?page_id=2799\">Lue loppuun <span class=\"meta-nav\">&rarr;<\/span><\/a><\/p>\n","protected":false},"author":1,"featured_media":0,"parent":2640,"menu_order":0,"comment_status":"closed","ping_status":"closed","template":"","meta":{"footnotes":""},"class_list":["post-2799","page","type-page","status-publish","hentry"],"_links":{"self":[{"href":"https:\/\/www.askolankokoomus.fi\/index.php?rest_route=\/wp\/v2\/pages\/2799","targetHints":{"allow":["GET"]}}],"collection":[{"href":"https:\/\/www.askolankokoomus.fi\/index.php?rest_route=\/wp\/v2\/pages"}],"about":[{"href":"https:\/\/www.askolankokoomus.fi\/index.php?rest_route=\/wp\/v2\/types\/page"}],"author":[{"embeddable":true,"href":"https:\/\/www.askolankokoomus.fi\/index.php?rest_route=\/wp\/v2\/users\/1"}],"replies":[{"embeddable":true,"href":"https:\/\/www.askolankokoomus.fi\/index.php?rest_route=%2Fwp%2Fv2%2Fcomments&post=2799"}],"version-history":[{"count":4,"href":"https:\/\/www.askolankokoomus.fi\/index.php?rest_route=\/wp\/v2\/pages\/2799\/revisions"}],"predecessor-version":[{"id":3006,"href":"https:\/\/www.askolankokoomus.fi\/index.php?rest_route=\/wp\/v2\/pages\/2799\/revisions\/3006"}],"up":[{"embeddable":true,"href":"https:\/\/www.askolankokoomus.fi\/index.php?rest_route=\/wp\/v2\/pages\/2640"}],"wp:attachment":[{"href":"https:\/\/www.askolankokoomus.fi\/index.php?rest_route=%2Fwp%2Fv2%2Fmedia&parent=2799"}],"curies":[{"name":"wp","href":"https:\/\/api.w.org\/{rel}","templated":true}]}}