{"id":2785,"date":"2025-03-05T20:34:07","date_gmt":"2025-03-05T18:34:07","guid":{"rendered":"https:\/\/www.askolankokoomus.fi\/?page_id=2785"},"modified":"2025-03-13T18:13:16","modified_gmt":"2025-03-13T16:13:16","slug":"nro-xx-ari-forsberg","status":"publish","type":"page","link":"https:\/\/www.askolankokoomus.fi\/?page_id=2785","title":{"rendered":"Nro 33 &#8211; Ari Forsberg"},"content":{"rendered":"<p><a href=\"https:\/\/www.askolankokoomus.fi\/?attachment_id=2756\" rel=\"attachment wp-att-2756\"><img loading=\"lazy\" decoding=\"async\" class=\"alignleft size-medium wp-image-2756\" src=\"https:\/\/www.askolankokoomus.fi\/wp-content\/uploads\/2025\/03\/IMG-20250305-WA0011-255x300.jpg\" alt=\"\" width=\"255\" height=\"300\" srcset=\"https:\/\/www.askolankokoomus.fi\/wp-content\/uploads\/2025\/03\/IMG-20250305-WA0011-255x300.jpg 255w, https:\/\/www.askolankokoomus.fi\/wp-content\/uploads\/2025\/03\/IMG-20250305-WA0011-869x1024.jpg 869w, https:\/\/www.askolankokoomus.fi\/wp-content\/uploads\/2025\/03\/IMG-20250305-WA0011-768x905.jpg 768w, https:\/\/www.askolankokoomus.fi\/wp-content\/uploads\/2025\/03\/IMG-20250305-WA0011.jpg 1080w\" sizes=\"auto, (max-width: 255px) 100vw, 255px\" \/><\/a>Olen <strong>Ari Forsberg<\/strong>, 69-vuotias el\u00e4kel\u00e4inen. Minulla on 6 aikuista lasta. Olen usean lapsenlapsen onnellinen vaari. \u00c4itini suku on kotoisin Askolasta, Korttialta ja is\u00e4ni Porvoosta. P\u00e4iv\u00e4ty\u00f6ni tein p\u00e4\u00e4osin liike-el\u00e4m\u00e4n palveluksessa ja yritt\u00e4j\u00e4n\u00e4. Toimin esimerkiksi Jyv\u00e4skyl\u00e4n k\u00e4velykadun, k\u00e4velykeskustan keskustais\u00e4nt\u00e4n\u00e4. El\u00e4kkeelle j\u00e4in Askolan ensimm\u00e4isen elinvoimap\u00e4\u00e4llik\u00f6n teht\u00e4v\u00e4st\u00e4. Olen Askolan kunnanvaltuutettu, tarkastuslautakunnan puheenjohtaja ja elinkeinotoimikunnan puheenjhtaja sek\u00e4 Askolan-Pukkilan uuden seurakunnan kirkkovaltuuston j\u00e4sen.<\/p>\n<p>Ison perheen is\u00e4n\u00e4, vaarina ja vaimoni Anun kanssa el\u00e4kel\u00e4isin\u00e4 nautimme kovasti lastenlapsiamme hoidosta. Moni nuori, lapsi on mukana meid\u00e4n arjessa ja koen luottamusteht\u00e4viss\u00e4 mahdollisuuden osallistua, vaikuttaa nuorten perheiden sek\u00e4 vanhuksienkin l\u00e4hipalveluiden yll\u00e4pit\u00e4miseen, kehitt\u00e4miseen. Perheellisen\u00e4 pid\u00e4n t\u00e4rke\u00e4n\u00e4, ett\u00e4 Askola \u00a0itsen\u00e4isen\u00e4 kuntana on voimissaan tukemassa meid\u00e4n kaikkien asioita.<\/p>\n<p>Olen osallistunut aktiivisesti Askolan kunnan p\u00e4\u00e4t\u00f6ksentekoon ja lupaan niin tehd\u00e4 jatkossakin. Lupaan my\u00f6s tehd\u00e4 kaikkeni, jotta Askolassa l\u00e4hipalvelut my\u00f6s vanhuksille s\u00e4ilyv\u00e4t ja kaikki koulut s\u00e4ilyv\u00e4t. Kyl\u00e4kouluja ei saa sulkea. Askolan tarkastuslautakunnan puheenjohtajana seuraan tarkasti kunnan taloudenpitoa ja kauppatieteilij\u00e4n\u00e4 ymm\u00e4rr\u00e4n, miten taloutta tulee hoitaa. Alueellisen uuden ty\u00f6llisyyslautakunnan j\u00e4senen\u00e4 olen p\u00e4\u00e4ssyt vaikuttamaan Askolan hyv\u00e4\u00e4n ty\u00f6llisyysasioiden hoitoon ja palveluihin yrityksille. Kehitt\u00e4misyhti\u00f6 Posintran hallituksen j\u00e4senen\u00e4 olen saanut vaikuttaa hyv\u00e4\u00e4n yritysneuvontaan.<\/p>\n<p>El\u00e4kel\u00e4isen\u00e4 on minulla runsaasti aikaa perehty\u00e4 ja osallistua yhteisten asioiden hoitoon &#8211; siihen haluan antaa tulevaisuudessakin laajan osaamiseni ja kokemukseni.<\/p>\n<div style=\"width: 640px;\" class=\"wp-video\"><!--[if lt IE 9]><script>document.createElement('video');<\/script><![endif]-->\n<video class=\"wp-video-shortcode\" id=\"video-2785-1\" width=\"640\" height=\"1138\" preload=\"metadata\" controls=\"controls\"><source type=\"video\/mp4\" src=\"https:\/\/www.askolankokoomus.fi\/wp-content\/uploads\/2025\/03\/VID-20250305-WA0009.mp4?_=1\" \/><a href=\"https:\/\/www.askolankokoomus.fi\/wp-content\/uploads\/2025\/03\/VID-20250305-WA0009.mp4\">https:\/\/www.askolankokoomus.fi\/wp-content\/uploads\/2025\/03\/VID-20250305-WA0009.mp4<\/a><\/video><\/div>\n","protected":false},"excerpt":{"rendered":"<p>Olen Ari Forsberg, 69-vuotias el\u00e4kel\u00e4inen. Minulla on 6 aikuista lasta. Olen usean lapsenlapsen onnellinen vaari. \u00c4itini suku on kotoisin Askolasta, Korttialta ja is\u00e4ni Porvoosta. P\u00e4iv\u00e4ty\u00f6ni tein p\u00e4\u00e4osin liike-el\u00e4m\u00e4n palveluksessa ja yritt\u00e4j\u00e4n\u00e4. Toimin esimerkiksi Jyv\u00e4skyl\u00e4n k\u00e4velykadun, k\u00e4velykeskustan keskustais\u00e4nt\u00e4n\u00e4. El\u00e4kkeelle j\u00e4in Askolan &hellip; <a href=\"https:\/\/www.askolankokoomus.fi\/?page_id=2785\">Lue loppuun <span class=\"meta-nav\">&rarr;<\/span><\/a><\/p>\n","protected":false},"author":1,"featured_media":0,"parent":2640,"menu_order":0,"comment_status":"closed","ping_status":"closed","template":"","meta":{"footnotes":""},"class_list":["post-2785","page","type-page","status-publish","hentry"],"_links":{"self":[{"href":"https:\/\/www.askolankokoomus.fi\/index.php?rest_route=\/wp\/v2\/pages\/2785","targetHints":{"allow":["GET"]}}],"collection":[{"href":"https:\/\/www.askolankokoomus.fi\/index.php?rest_route=\/wp\/v2\/pages"}],"about":[{"href":"https:\/\/www.askolankokoomus.fi\/index.php?rest_route=\/wp\/v2\/types\/page"}],"author":[{"embeddable":true,"href":"https:\/\/www.askolankokoomus.fi\/index.php?rest_route=\/wp\/v2\/users\/1"}],"replies":[{"embeddable":true,"href":"https:\/\/www.askolankokoomus.fi\/index.php?rest_route=%2Fwp%2Fv2%2Fcomments&post=2785"}],"version-history":[{"count":4,"href":"https:\/\/www.askolankokoomus.fi\/index.php?rest_route=\/wp\/v2\/pages\/2785\/revisions"}],"predecessor-version":[{"id":2955,"href":"https:\/\/www.askolankokoomus.fi\/index.php?rest_route=\/wp\/v2\/pages\/2785\/revisions\/2955"}],"up":[{"embeddable":true,"href":"https:\/\/www.askolankokoomus.fi\/index.php?rest_route=\/wp\/v2\/pages\/2640"}],"wp:attachment":[{"href":"https:\/\/www.askolankokoomus.fi\/index.php?rest_route=%2Fwp%2Fv2%2Fmedia&parent=2785"}],"curies":[{"name":"wp","href":"https:\/\/api.w.org\/{rel}","templated":true}]}}