{"id":2783,"date":"2025-03-05T20:31:11","date_gmt":"2025-03-05T18:31:11","guid":{"rendered":"https:\/\/www.askolankokoomus.fi\/?page_id=2783"},"modified":"2025-03-13T18:22:28","modified_gmt":"2025-03-13T16:22:28","slug":"nro-xx-ville-suominen","status":"publish","type":"page","link":"https:\/\/www.askolankokoomus.fi\/?page_id=2783","title":{"rendered":"Nro 50 &#8211; Ville Suominen"},"content":{"rendered":"<p><a href=\"https:\/\/www.askolankokoomus.fi\/?attachment_id=2780\" rel=\"attachment wp-att-2780\"><img loading=\"lazy\" decoding=\"async\" class=\"alignleft size-medium wp-image-2780\" src=\"https:\/\/www.askolankokoomus.fi\/wp-content\/uploads\/2025\/03\/IMG-20250305-WA0027-272x300.jpg\" alt=\"\" width=\"272\" height=\"300\" srcset=\"https:\/\/www.askolankokoomus.fi\/wp-content\/uploads\/2025\/03\/IMG-20250305-WA0027-272x300.jpg 272w, https:\/\/www.askolankokoomus.fi\/wp-content\/uploads\/2025\/03\/IMG-20250305-WA0027-928x1024.jpg 928w, https:\/\/www.askolankokoomus.fi\/wp-content\/uploads\/2025\/03\/IMG-20250305-WA0027-768x847.jpg 768w, https:\/\/www.askolankokoomus.fi\/wp-content\/uploads\/2025\/03\/IMG-20250305-WA0027-1392x1536.jpg 1392w, https:\/\/www.askolankokoomus.fi\/wp-content\/uploads\/2025\/03\/IMG-20250305-WA0027.jpg 1856w\" sizes=\"auto, (max-width: 272px) 100vw, 272px\" \/><\/a>My\u00f6s nuorempien \u00e4\u00e4nt\u00e4 valtuustoon!<\/p>\n<p>Olen <strong>Ville Suominen<\/strong>, 23-vuotias HCT yhdistelm\u00e4ajoneuvon kuljettaja. Enimm\u00e4kseen ajelen y\u00f6vuoroja ja tien p\u00e4\u00e4ll\u00e4 ehtii mietti\u00e4 maailman menoa. Vapaa-aikana osallistun my\u00f6s Askolan VPK:n toimintaan. T\u00e4ll\u00e4 hetkell\u00e4 lis\u00e4ksi treenaan syksyn Fitness SM- kisoihin men&#8217;s physique sarjaan Askola Gymill\u00e4. Askolalainen vuodesta 2022<\/p>\n<p>Valtuustossa haluaisin vaikuttaa mm. seuraaviin asioihin:<\/p>\n<p>&#8211; Askolan vetovoimaisuus nuorille perheille ja yritt\u00e4jyydelle<br \/>\n&#8211; turvallinen ja puhdas ymp\u00e4rist\u00f6<br \/>\n&#8211; hyv\u00e4t palvelut kaikille<br \/>\n&#8211; harrastuspaikkojen kunnossapito<\/p>\n","protected":false},"excerpt":{"rendered":"<p>My\u00f6s nuorempien \u00e4\u00e4nt\u00e4 valtuustoon! Olen Ville Suominen, 23-vuotias HCT yhdistelm\u00e4ajoneuvon kuljettaja. Enimm\u00e4kseen ajelen y\u00f6vuoroja ja tien p\u00e4\u00e4ll\u00e4 ehtii mietti\u00e4 maailman menoa. Vapaa-aikana osallistun my\u00f6s Askolan VPK:n toimintaan. T\u00e4ll\u00e4 hetkell\u00e4 lis\u00e4ksi treenaan syksyn Fitness SM- kisoihin men&#8217;s physique sarjaan Askola Gymill\u00e4. &hellip; <a href=\"https:\/\/www.askolankokoomus.fi\/?page_id=2783\">Lue loppuun <span class=\"meta-nav\">&rarr;<\/span><\/a><\/p>\n","protected":false},"author":1,"featured_media":0,"parent":2640,"menu_order":0,"comment_status":"closed","ping_status":"closed","template":"","meta":{"footnotes":""},"class_list":["post-2783","page","type-page","status-publish","hentry"],"_links":{"self":[{"href":"https:\/\/www.askolankokoomus.fi\/index.php?rest_route=\/wp\/v2\/pages\/2783","targetHints":{"allow":["GET"]}}],"collection":[{"href":"https:\/\/www.askolankokoomus.fi\/index.php?rest_route=\/wp\/v2\/pages"}],"about":[{"href":"https:\/\/www.askolankokoomus.fi\/index.php?rest_route=\/wp\/v2\/types\/page"}],"author":[{"embeddable":true,"href":"https:\/\/www.askolankokoomus.fi\/index.php?rest_route=\/wp\/v2\/users\/1"}],"replies":[{"embeddable":true,"href":"https:\/\/www.askolankokoomus.fi\/index.php?rest_route=%2Fwp%2Fv2%2Fcomments&post=2783"}],"version-history":[{"count":2,"href":"https:\/\/www.askolankokoomus.fi\/index.php?rest_route=\/wp\/v2\/pages\/2783\/revisions"}],"predecessor-version":[{"id":2972,"href":"https:\/\/www.askolankokoomus.fi\/index.php?rest_route=\/wp\/v2\/pages\/2783\/revisions\/2972"}],"up":[{"embeddable":true,"href":"https:\/\/www.askolankokoomus.fi\/index.php?rest_route=\/wp\/v2\/pages\/2640"}],"wp:attachment":[{"href":"https:\/\/www.askolankokoomus.fi\/index.php?rest_route=%2Fwp%2Fv2%2Fmedia&parent=2783"}],"curies":[{"name":"wp","href":"https:\/\/api.w.org\/{rel}","templated":true}]}}