{"id":2774,"date":"2025-03-05T20:25:15","date_gmt":"2025-03-05T18:25:15","guid":{"rendered":"https:\/\/www.askolankokoomus.fi\/?page_id=2774"},"modified":"2025-03-13T18:19:29","modified_gmt":"2025-03-13T16:19:29","slug":"nro-xx-aarne-maatta","status":"publish","type":"page","link":"https:\/\/www.askolankokoomus.fi\/?page_id=2774","title":{"rendered":"Nro 45 &#8211; Aarne M\u00e4\u00e4tt\u00e4"},"content":{"rendered":"<p style=\"padding-left: 40px;\"><a href=\"https:\/\/www.askolankokoomus.fi\/?attachment_id=2755\" rel=\"attachment wp-att-2755\"><img loading=\"lazy\" decoding=\"async\" class=\"alignleft size-medium wp-image-2755\" src=\"https:\/\/www.askolankokoomus.fi\/wp-content\/uploads\/2025\/03\/IMG-20250305-WA0012-282x300.jpg\" alt=\"\" width=\"282\" height=\"300\" srcset=\"https:\/\/www.askolankokoomus.fi\/wp-content\/uploads\/2025\/03\/IMG-20250305-WA0012-282x300.jpg 282w, https:\/\/www.askolankokoomus.fi\/wp-content\/uploads\/2025\/03\/IMG-20250305-WA0012-961x1024.jpg 961w, https:\/\/www.askolankokoomus.fi\/wp-content\/uploads\/2025\/03\/IMG-20250305-WA0012-768x818.jpg 768w, https:\/\/www.askolankokoomus.fi\/wp-content\/uploads\/2025\/03\/IMG-20250305-WA0012-1442x1536.jpg 1442w, https:\/\/www.askolankokoomus.fi\/wp-content\/uploads\/2025\/03\/IMG-20250305-WA0012.jpg 1922w\" sizes=\"auto, (max-width: 282px) 100vw, 282px\" \/><\/a>Hei, olen <strong>Aarne M\u00e4\u00e4tt\u00e4<\/strong>, 48-vuotias yritt\u00e4j\u00e4 ja perheenis\u00e4, sek\u00e4 ylpe\u00e4 \u00e4ij\u00e4 yhdelle lapsenlapselle. Olen asunut Askolassa vuodesta 2017, ja tunnen oloni kotoisaksi t\u00e4\u00e4ll\u00e4.<\/p>\n<p>Yksi t\u00e4rkeimmist\u00e4 asioista, joihin haluan vaikuttaa, on lapsiperheiden ja yritysten hyvinvointi. Haluan olla kehitt\u00e4m\u00e4ss\u00e4 Askolan tulevaisuutta itsen\u00e4isen\u00e4 kuntana, mink\u00e4 vuoksi asetuin kuntavaaliehdokkaaksi ensimm\u00e4ist\u00e4 kertaa. Olen p\u00e4\u00e4syt tutustumaan Askolan kuntapolitiikkaan kahden lautakunnan varaj\u00e4senen\u00e4.<\/p>\n<p>Parhaat vahvuuteni ovat rohkeus, rehellisyys ja arkirealismi. Vapaa-aikani viet\u00e4n mielell\u00e4ni luonnossa, retkeilyn ja purjehduksen parissa.<\/p>\n<p>Toivon, ett\u00e4 voimme yhdess\u00e4 kehitt\u00e4\u00e4 Askolan tulevaisuutta.<\/p>\n","protected":false},"excerpt":{"rendered":"<p>Hei, olen Aarne M\u00e4\u00e4tt\u00e4, 48-vuotias yritt\u00e4j\u00e4 ja perheenis\u00e4, sek\u00e4 ylpe\u00e4 \u00e4ij\u00e4 yhdelle lapsenlapselle. Olen asunut Askolassa vuodesta 2017, ja tunnen oloni kotoisaksi t\u00e4\u00e4ll\u00e4. Yksi t\u00e4rkeimmist\u00e4 asioista, joihin haluan vaikuttaa, on lapsiperheiden ja yritysten hyvinvointi. Haluan olla kehitt\u00e4m\u00e4ss\u00e4 Askolan tulevaisuutta itsen\u00e4isen\u00e4 &hellip; <a href=\"https:\/\/www.askolankokoomus.fi\/?page_id=2774\">Lue loppuun <span class=\"meta-nav\">&rarr;<\/span><\/a><\/p>\n","protected":false},"author":1,"featured_media":0,"parent":2640,"menu_order":0,"comment_status":"closed","ping_status":"closed","template":"","meta":{"footnotes":""},"class_list":["post-2774","page","type-page","status-publish","hentry"],"_links":{"self":[{"href":"https:\/\/www.askolankokoomus.fi\/index.php?rest_route=\/wp\/v2\/pages\/2774","targetHints":{"allow":["GET"]}}],"collection":[{"href":"https:\/\/www.askolankokoomus.fi\/index.php?rest_route=\/wp\/v2\/pages"}],"about":[{"href":"https:\/\/www.askolankokoomus.fi\/index.php?rest_route=\/wp\/v2\/types\/page"}],"author":[{"embeddable":true,"href":"https:\/\/www.askolankokoomus.fi\/index.php?rest_route=\/wp\/v2\/users\/1"}],"replies":[{"embeddable":true,"href":"https:\/\/www.askolankokoomus.fi\/index.php?rest_route=%2Fwp%2Fv2%2Fcomments&post=2774"}],"version-history":[{"count":2,"href":"https:\/\/www.askolankokoomus.fi\/index.php?rest_route=\/wp\/v2\/pages\/2774\/revisions"}],"predecessor-version":[{"id":2967,"href":"https:\/\/www.askolankokoomus.fi\/index.php?rest_route=\/wp\/v2\/pages\/2774\/revisions\/2967"}],"up":[{"embeddable":true,"href":"https:\/\/www.askolankokoomus.fi\/index.php?rest_route=\/wp\/v2\/pages\/2640"}],"wp:attachment":[{"href":"https:\/\/www.askolankokoomus.fi\/index.php?rest_route=%2Fwp%2Fv2%2Fmedia&parent=2774"}],"curies":[{"name":"wp","href":"https:\/\/api.w.org\/{rel}","templated":true}]}}