{"id":2740,"date":"2025-03-04T23:47:41","date_gmt":"2025-03-04T21:47:41","guid":{"rendered":"https:\/\/www.askolankokoomus.fi\/?page_id=2740"},"modified":"2025-03-13T18:17:20","modified_gmt":"2025-03-13T16:17:20","slug":"nro-xx-maria-mastokangas","status":"publish","type":"page","link":"https:\/\/www.askolankokoomus.fi\/?page_id=2740","title":{"rendered":"Nro 41 &#8211; Maria Mastokangas"},"content":{"rendered":"<p><a href=\"https:\/\/www.askolankokoomus.fi\/?attachment_id=2831\" rel=\"attachment wp-att-2831\"><img loading=\"lazy\" decoding=\"async\" class=\"alignleft size-medium wp-image-2831\" src=\"https:\/\/www.askolankokoomus.fi\/wp-content\/uploads\/2025\/03\/IMG-20250305-WA0031-259x300.jpg\" alt=\"\" width=\"259\" height=\"300\" srcset=\"https:\/\/www.askolankokoomus.fi\/wp-content\/uploads\/2025\/03\/IMG-20250305-WA0031-259x300.jpg 259w, https:\/\/www.askolankokoomus.fi\/wp-content\/uploads\/2025\/03\/IMG-20250305-WA0031-884x1024.jpg 884w, https:\/\/www.askolankokoomus.fi\/wp-content\/uploads\/2025\/03\/IMG-20250305-WA0031-768x890.jpg 768w, https:\/\/www.askolankokoomus.fi\/wp-content\/uploads\/2025\/03\/IMG-20250305-WA0031-1325x1536.jpg 1325w, https:\/\/www.askolankokoomus.fi\/wp-content\/uploads\/2025\/03\/IMG-20250305-WA0031-1767x2048.jpg 1767w\" sizes=\"auto, (max-width: 259px) 100vw, 259px\" \/><\/a>Moikka!<br \/>\nOlen <strong>Maria Mastokangas<\/strong>, 41-vuotias l\u00e4hihoitaja, t\u00f6it\u00e4ni teen kehitysvammaisten ja autisminkirjonhenkil\u00f6iden ohjaajana It\u00e4-Uudenmaan hyvinvointialueen vammaispalvelussa Askolassa.<\/p>\n<p>Lapsia 3: esikoinen 11v, kaksoset 9v. Avioliitossa.<br \/>\nEnsimm\u00e4iseksi nuorena opiskelin parturi-kampaajaksi, sen uran aikana tein palkkat\u00f6it\u00e4 sek\u00e4 toimin itsen\u00e4isen\u00e4 yritt\u00e4j\u00e4n\u00e4.<\/p>\n<p>T\u00e4ll\u00e4 hetkell\u00e4 t\u00e4rke\u00e4\u00e4 mielest\u00e4ni on lasten ja nuorten hyvinvointi, koulussa ja sen ulkopuolella, sek\u00e4 n\u00e4iden yhteisty\u00f6 ja kohtaaminen. Ik\u00e4\u00e4ntyvien asumisen turvaaminen omassa kunnassa, sek\u00e4 yhdenvertaisuuslain toteutuminen.<\/p>\n<p>Saa tulla juttelemaan, m\u00e4 tykk\u00e4\u00e4n haastella&#x1f606;<\/p>\n","protected":false},"excerpt":{"rendered":"<p>Moikka! Olen Maria Mastokangas, 41-vuotias l\u00e4hihoitaja, t\u00f6it\u00e4ni teen kehitysvammaisten ja autisminkirjonhenkil\u00f6iden ohjaajana It\u00e4-Uudenmaan hyvinvointialueen vammaispalvelussa Askolassa. Lapsia 3: esikoinen 11v, kaksoset 9v. Avioliitossa. Ensimm\u00e4iseksi nuorena opiskelin parturi-kampaajaksi, sen uran aikana tein palkkat\u00f6it\u00e4 sek\u00e4 toimin itsen\u00e4isen\u00e4 yritt\u00e4j\u00e4n\u00e4. T\u00e4ll\u00e4 hetkell\u00e4 t\u00e4rke\u00e4\u00e4 mielest\u00e4ni &hellip; <a href=\"https:\/\/www.askolankokoomus.fi\/?page_id=2740\">Lue loppuun <span class=\"meta-nav\">&rarr;<\/span><\/a><\/p>\n","protected":false},"author":1,"featured_media":0,"parent":2640,"menu_order":0,"comment_status":"closed","ping_status":"closed","template":"","meta":{"footnotes":""},"class_list":["post-2740","page","type-page","status-publish","hentry"],"_links":{"self":[{"href":"https:\/\/www.askolankokoomus.fi\/index.php?rest_route=\/wp\/v2\/pages\/2740","targetHints":{"allow":["GET"]}}],"collection":[{"href":"https:\/\/www.askolankokoomus.fi\/index.php?rest_route=\/wp\/v2\/pages"}],"about":[{"href":"https:\/\/www.askolankokoomus.fi\/index.php?rest_route=\/wp\/v2\/types\/page"}],"author":[{"embeddable":true,"href":"https:\/\/www.askolankokoomus.fi\/index.php?rest_route=\/wp\/v2\/users\/1"}],"replies":[{"embeddable":true,"href":"https:\/\/www.askolankokoomus.fi\/index.php?rest_route=%2Fwp%2Fv2%2Fcomments&post=2740"}],"version-history":[{"count":4,"href":"https:\/\/www.askolankokoomus.fi\/index.php?rest_route=\/wp\/v2\/pages\/2740\/revisions"}],"predecessor-version":[{"id":2963,"href":"https:\/\/www.askolankokoomus.fi\/index.php?rest_route=\/wp\/v2\/pages\/2740\/revisions\/2963"}],"up":[{"embeddable":true,"href":"https:\/\/www.askolankokoomus.fi\/index.php?rest_route=\/wp\/v2\/pages\/2640"}],"wp:attachment":[{"href":"https:\/\/www.askolankokoomus.fi\/index.php?rest_route=%2Fwp%2Fv2%2Fmedia&parent=2740"}],"curies":[{"name":"wp","href":"https:\/\/api.w.org\/{rel}","templated":true}]}}