{"id":2730,"date":"2025-03-04T23:26:30","date_gmt":"2025-03-04T21:26:30","guid":{"rendered":"https:\/\/www.askolankokoomus.fi\/?page_id=2730"},"modified":"2025-03-18T15:43:49","modified_gmt":"2025-03-18T13:43:49","slug":"nro-xx-jenny-nyholm","status":"publish","type":"page","link":"https:\/\/www.askolankokoomus.fi\/?page_id=2730","title":{"rendered":"Nro 46 &#8211; Jenny Nyholm"},"content":{"rendered":"<p><a href=\"https:\/\/www.askolankokoomus.fi\/?attachment_id=2731\" rel=\"attachment wp-att-2731\"><img loading=\"lazy\" decoding=\"async\" class=\"alignleft size-medium wp-image-2731\" src=\"https:\/\/www.askolankokoomus.fi\/wp-content\/uploads\/2025\/03\/IMG-20250303-WA0001-240x300.jpg\" alt=\"\" width=\"240\" height=\"300\" srcset=\"https:\/\/www.askolankokoomus.fi\/wp-content\/uploads\/2025\/03\/IMG-20250303-WA0001-240x300.jpg 240w, https:\/\/www.askolankokoomus.fi\/wp-content\/uploads\/2025\/03\/IMG-20250303-WA0001-819x1024.jpg 819w, https:\/\/www.askolankokoomus.fi\/wp-content\/uploads\/2025\/03\/IMG-20250303-WA0001-768x960.jpg 768w, https:\/\/www.askolankokoomus.fi\/wp-content\/uploads\/2025\/03\/IMG-20250303-WA0001-1229x1536.jpg 1229w, https:\/\/www.askolankokoomus.fi\/wp-content\/uploads\/2025\/03\/IMG-20250303-WA0001.jpg 1638w\" sizes=\"auto, (max-width: 240px) 100vw, 240px\" \/><\/a>Olen <strong>Jenny Nyholm<\/strong>, 26-vuotias kahden pienen lapsen \u00e4iti Askolan Onkimaalta.<\/p>\n<p>Alunperin Juornaankyl\u00e4\u00e4n olen muuttanut vuonna 2009 Porvoosta. Osan ala-astetta k\u00e4vin siis Juornaankyl\u00e4n pieniss\u00e4 kyl\u00e4koulussa ja yl\u00e4asteen kirkolla. Yl\u00e4asteelta siirryin Porvooseen Linnankosken lukioon josta valmistuin vuonna 2017.<\/p>\n<p>Lukiosta valmistumisen j\u00e4lkeen opiskelin itseni koulutetuksi hierojaksi, urheiluhierojaksi ja personal traineriksi. Valmistumisen j\u00e4lkeen perustin oman toiminimen.<\/p>\n<p>T\u00e4ll\u00e4 hetkell\u00e4 p\u00e4iv\u00e4t rient\u00e4v\u00e4t perhe-el\u00e4m\u00e4n ohella kev\u00e4\u00e4n p\u00e4\u00e4sykokeisiin valmistautuessa. Haen kolmatta kertaa Helsingin yliopiston el\u00e4inl\u00e4\u00e4ketieteelliseen!<\/p>\n<p>Minulle t\u00e4rkeit\u00e4 teemoja ovat lasten ja nuorten hyvinvointi, lapsiperheiden tukeminen, liikunta ja yritt\u00e4jyys Askolassa!<\/p>\n<p>Tervetuloa mukaan!&#x1f499;<\/p>\n<p><a href=\"https:\/\/www.facebook.com\/share\/1H18bwtE4F\/?mibextid=wwXIfr\">Jennyn poliitikkosivu Facebookissa<\/a><\/p>\n<p><a href=\"https:\/\/www.instagram.com\/jensqu_?igsh=Z242cTByYmE1Y2N6&amp;utm_source=qr\">Jenny Instagramissa<\/a><\/p>\n","protected":false},"excerpt":{"rendered":"<p>Olen Jenny Nyholm, 26-vuotias kahden pienen lapsen \u00e4iti Askolan Onkimaalta. Alunperin Juornaankyl\u00e4\u00e4n olen muuttanut vuonna 2009 Porvoosta. Osan ala-astetta k\u00e4vin siis Juornaankyl\u00e4n pieniss\u00e4 kyl\u00e4koulussa ja yl\u00e4asteen kirkolla. Yl\u00e4asteelta siirryin Porvooseen Linnankosken lukioon josta valmistuin vuonna 2017. Lukiosta valmistumisen j\u00e4lkeen opiskelin &hellip; <a href=\"https:\/\/www.askolankokoomus.fi\/?page_id=2730\">Lue loppuun <span class=\"meta-nav\">&rarr;<\/span><\/a><\/p>\n","protected":false},"author":1,"featured_media":0,"parent":2640,"menu_order":0,"comment_status":"closed","ping_status":"closed","template":"","meta":{"footnotes":""},"class_list":["post-2730","page","type-page","status-publish","hentry"],"_links":{"self":[{"href":"https:\/\/www.askolankokoomus.fi\/index.php?rest_route=\/wp\/v2\/pages\/2730","targetHints":{"allow":["GET"]}}],"collection":[{"href":"https:\/\/www.askolankokoomus.fi\/index.php?rest_route=\/wp\/v2\/pages"}],"about":[{"href":"https:\/\/www.askolankokoomus.fi\/index.php?rest_route=\/wp\/v2\/types\/page"}],"author":[{"embeddable":true,"href":"https:\/\/www.askolankokoomus.fi\/index.php?rest_route=\/wp\/v2\/users\/1"}],"replies":[{"embeddable":true,"href":"https:\/\/www.askolankokoomus.fi\/index.php?rest_route=%2Fwp%2Fv2%2Fcomments&post=2730"}],"version-history":[{"count":4,"href":"https:\/\/www.askolankokoomus.fi\/index.php?rest_route=\/wp\/v2\/pages\/2730\/revisions"}],"predecessor-version":[{"id":3051,"href":"https:\/\/www.askolankokoomus.fi\/index.php?rest_route=\/wp\/v2\/pages\/2730\/revisions\/3051"}],"up":[{"embeddable":true,"href":"https:\/\/www.askolankokoomus.fi\/index.php?rest_route=\/wp\/v2\/pages\/2640"}],"wp:attachment":[{"href":"https:\/\/www.askolankokoomus.fi\/index.php?rest_route=%2Fwp%2Fv2%2Fmedia&parent=2730"}],"curies":[{"name":"wp","href":"https:\/\/api.w.org\/{rel}","templated":true}]}}