{"id":1798,"date":"2021-03-11T00:25:21","date_gmt":"2021-03-10T21:25:21","guid":{"rendered":"https:\/\/www.askolankokoomus.fi\/?page_id=1798"},"modified":"2025-03-30T21:57:36","modified_gmt":"2025-03-30T19:57:36","slug":"xx-mia-myllys","status":"publish","type":"page","link":"https:\/\/www.askolankokoomus.fi\/?page_id=1798","title":{"rendered":"Nro 44 (KV) ja 2049 (AV) &#8211; Mia Myllys"},"content":{"rendered":"<p><a href=\"https:\/\/www.askolankokoomus.fi\/?attachment_id=3101\" rel=\"attachment wp-att-3101\"><img loading=\"lazy\" decoding=\"async\" class=\"alignleft size-medium wp-image-3101\" src=\"https:\/\/www.askolankokoomus.fi\/wp-content\/uploads\/2025\/03\/IMG_20250330_225150-265x300.jpg\" alt=\"\" width=\"265\" height=\"300\" srcset=\"https:\/\/www.askolankokoomus.fi\/wp-content\/uploads\/2025\/03\/IMG_20250330_225150-265x300.jpg 265w, https:\/\/www.askolankokoomus.fi\/wp-content\/uploads\/2025\/03\/IMG_20250330_225150.jpg 424w\" sizes=\"auto, (max-width: 265px) 100vw, 265px\" \/><\/a>Olen 52-vuotias jalat maassa seisova, sanavalmis, rohkea ja tekev\u00e4 nainen, joka pit\u00e4\u00e4 mink\u00e4 lupaa. Uskon tolkun toimintaan enk\u00e4 l\u00e4hde \u00e4\u00e4rih\u00f6ss\u00f6tyksiin mukaan.<\/p>\n<p>Asun perheeni kanssa Askolassa l\u00e4hell\u00e4 Kirkonkyl\u00e4\u00e4, taajama-alueen ulkopuolella. Minulla on esiteini-ik\u00e4iset kaksospojat, joiden yksinhuoltaja olen ollut puolisoni ja lasteni is\u00e4n kuoltua hyvin pian lasten syntym\u00e4n j\u00e4lkeen. Harrastuksiani ovat lukeminen, lenkkeily, kes\u00e4isin pihahommat ja t\u00e4rkeimp\u00e4n\u00e4 l\u00e4tk\u00e4-\u00e4iti, joka kuskaa lapsia ymp\u00e4ri Uusimaata ja leipoo parhaat mokkapalat.<\/p>\n<p>Olen ensimm\u00e4isen kauden kunnanvaltuutettu ja aluevaltuutettu. Koulutukseltani olen erikoissairaanhoitaja ja ammatilta kotihoidon esihenkil\u00f6. Sote-alalle olen valmistunut 1996 Porvoon terveydenhuolto-oppilaitoksesta.<\/p>\n<p>Ensimm\u00e4isell\u00e4 kaudellani kunnanvaltuutettuna sek\u00e4 kunnanhallituksen j\u00e4senen\u00e4 vaikutin mm. lasten turvallisempien koulumatkojen puolesta ja siin\u00e4 saatiinkin muutosta parempaan aikaiseksi koulukyytikriteereit\u00e4 j\u00e4rkiper\u00e4ist\u00e4m\u00e4ll\u00e4. Muita itselleni t\u00e4rkeit\u00e4 asioita olivat p\u00e4\u00e4t\u00f6ksenteon tasapuolisuus ja avoimuus sek\u00e4 asiakaspalveluteht\u00e4v\u00e4n kirkastaminen kunnan toiminnoissa. Tein my\u00f6s aloitteita viestinn\u00e4st\u00e4, nauhoittavan videovalvonnan lis\u00e4\u00e4misest\u00e4 yhteisill\u00e4 alueilla ilkivallan v\u00e4hent\u00e4miseksi. Olin my\u00f6s osaltani tekem\u00e4ss\u00e4 Askolan kuntaan uutta br\u00e4ndi\u00e4 ja viestint\u00e4ohjetta br\u00e4ndity\u00f6ryhm\u00e4n j\u00e4senen\u00e4.<\/p>\n<p>Olen j\u00e4lleen ehdolla niin kunta-, kuin aluevaaleissa, valmiina jatkamaan kuluvalla kaudella kunnassa ja hyvinvointialueella aloitettua ty\u00f6t\u00e4. Kuntavaaliteemojani ovat lasten, nuorten ja perheiden hyvinvointi, avoimen p\u00e4\u00e4t\u00f6ksenteon vahvistaminen kunnassa ja yritykset Askolan elinvoiman vahvistajana talouden tasapainottamista unohtamatta. Ik\u00e4-ihmiset tulee pit\u00e4\u00e4 arjessamme mukana ja elinvoimaiset kyl\u00e4t ovat t\u00e4rkeit\u00e4 Askolassa. Jotkut pelottelevat kyl\u00e4koulujen alasajolla mutta itse pit\u00e4isin niist\u00e4 kiinni. Ajattelen, ettei kunnassa ole tehty l\u00e4hesk\u00e4\u00e4n tarpeeksi l\u00f6yt\u00e4\u00e4ksemme keinoja kylien asukasm\u00e4\u00e4rien lis\u00e4\u00e4miseksi ja siten elinvoiman kasvattamiseksi.<\/p>\n<p>Hyvinvointialueella olen kuluvan kauden aikana toiminut aluehallituksen varaj\u00e4senen\u00e4, yksil\u00f6jaoston j\u00e4senen\u00e4 sek\u00e4 nyt tarkastuslautakunnan puheenjohtajana. Vaaliteemojani aluevaalissa ovat lasten- ja nuorten sek\u00e4 perheiden hyvinvointi, ik\u00e4ihmisten ennalta ehk\u00e4isev\u00e4t, oikea aikaiset ja vaikuttavat palvelut. Lis\u00e4ksi hyvinvointialueen on huolehdittava vastuullisesti taloudesta ja sen tasapainoon saattamisesta. Tarvitsemme tehokkaat ja vaikuttavat peruspalvelut ja prosessit tulee laittaa kuntoon ja huolehtia selke\u00e4t kriteerit palveluiden piiriin p\u00e4\u00e4semiseksi. Tarvitsemme my\u00f6s edelleen lis\u00e4\u00e4 digi\u00e4. Palvelusetelit pit\u00e4\u00e4 ottaa nykyist\u00e4 tehokkaammin palvelutuotannon keinovalikoimaan. Pienten yritysten pit\u00e4\u00e4 jatkossa my\u00f6s oikeasti p\u00e4\u00e4st\u00e4 mukaan osaksi hyvinvointialueiden palveluiden j\u00e4rjest\u00e4mist\u00e4. Tarvitaan my\u00f6s parempaa tiedolla johtamista sek\u00e4 vahvoja alaistaitoja. N\u00e4m\u00e4 ovat tie toimivampiin ja tuottavampiin ty\u00f6yhteis\u00f6ihin.<\/p>\n","protected":false},"excerpt":{"rendered":"<p>Olen 52-vuotias jalat maassa seisova, sanavalmis, rohkea ja tekev\u00e4 nainen, joka pit\u00e4\u00e4 mink\u00e4 lupaa. Uskon tolkun toimintaan enk\u00e4 l\u00e4hde \u00e4\u00e4rih\u00f6ss\u00f6tyksiin mukaan. Asun perheeni kanssa Askolassa l\u00e4hell\u00e4 Kirkonkyl\u00e4\u00e4, taajama-alueen ulkopuolella. Minulla on esiteini-ik\u00e4iset kaksospojat, joiden yksinhuoltaja olen ollut puolisoni ja lasteni &hellip; <a href=\"https:\/\/www.askolankokoomus.fi\/?page_id=1798\">Lue loppuun <span class=\"meta-nav\">&rarr;<\/span><\/a><\/p>\n","protected":false},"author":1,"featured_media":0,"parent":2640,"menu_order":0,"comment_status":"closed","ping_status":"closed","template":"","meta":{"footnotes":""},"class_list":["post-1798","page","type-page","status-publish","hentry"],"_links":{"self":[{"href":"https:\/\/www.askolankokoomus.fi\/index.php?rest_route=\/wp\/v2\/pages\/1798","targetHints":{"allow":["GET"]}}],"collection":[{"href":"https:\/\/www.askolankokoomus.fi\/index.php?rest_route=\/wp\/v2\/pages"}],"about":[{"href":"https:\/\/www.askolankokoomus.fi\/index.php?rest_route=\/wp\/v2\/types\/page"}],"author":[{"embeddable":true,"href":"https:\/\/www.askolankokoomus.fi\/index.php?rest_route=\/wp\/v2\/users\/1"}],"replies":[{"embeddable":true,"href":"https:\/\/www.askolankokoomus.fi\/index.php?rest_route=%2Fwp%2Fv2%2Fcomments&post=1798"}],"version-history":[{"count":17,"href":"https:\/\/www.askolankokoomus.fi\/index.php?rest_route=\/wp\/v2\/pages\/1798\/revisions"}],"predecessor-version":[{"id":3106,"href":"https:\/\/www.askolankokoomus.fi\/index.php?rest_route=\/wp\/v2\/pages\/1798\/revisions\/3106"}],"up":[{"embeddable":true,"href":"https:\/\/www.askolankokoomus.fi\/index.php?rest_route=\/wp\/v2\/pages\/2640"}],"wp:attachment":[{"href":"https:\/\/www.askolankokoomus.fi\/index.php?rest_route=%2Fwp%2Fv2%2Fmedia&parent=1798"}],"curies":[{"name":"wp","href":"https:\/\/api.w.org\/{rel}","templated":true}]}}